{"id":845,"date":"2025-04-16T22:56:41","date_gmt":"2025-04-16T22:56:41","guid":{"rendered":"https:\/\/drzuhaldurmaz.com\/transdermal-laser-treatment-for-spider-veins\/"},"modified":"2025-06-03T19:32:04","modified_gmt":"2025-06-03T19:32:04","slug":"transdermal-laser-treatment-for-spider-veins","status":"publish","type":"page","link":"https:\/\/drzuhaldurmaz.com\/it\/transdermal-laser-treatment-for-spider-veins\/","title":{"rendered":"Trattamento Laser Transdermico per Capillari (Teleangectasie)"},"content":{"rendered":"\n\n\n<div class=\"wp-block-greenshift-blocks-swiper alignfull gs-swiper gspb_slider-id-gsbp-62b6676\" style=\"position:relative\"><div class=\"gs-swiper-init\" data-slidesperview=\"1\" data-spacebetween=\"10\" data-spacebetweenmd=\"10\" data-spacebetweensm=\"10\" data-spacebetweenxs=\"10\" data-speed=\"700\" data-loop=\"false\" data-vertical=\"false\" data-verticalheight=\"500px\" data-autoheight=\"false\" data-grabcursor=\"false\" data-freemode=\"false\" data-centered=\"false\" data-autoplay=\"false\" data-autodelay=\"4000\" data-effect=\"creative\" data-coverflowshadow=\"false\" data-customparams=\"{&quot;prev&quot;:{&quot;translateX&quot;:&quot;0px&quot;,&quot;translateY&quot;:&quot;0px&quot;,&quot;translateZ&quot;:&quot;0px&quot;,&quot;rotateX&quot;:0,&quot;rotateY&quot;:0,&quot;rotateZ&quot;:0,&quot;opacity&quot;:1,&quot;shadow&quot;:false,&quot;scale&quot;:1,&quot;origin&quot;:&quot;&quot;},&quot;next&quot;:{&quot;translateX&quot;:&quot;100%&quot;,&quot;translateY&quot;:&quot;0px&quot;,&quot;translateZ&quot;:&quot;0px&quot;,&quot;rotateX&quot;:0,&quot;rotateY&quot;:0,&quot;rotateZ&quot;:0,&quot;opacity&quot;:1,&quot;shadow&quot;:false,&quot;scale&quot;:1,&quot;origin&quot;:&quot;&quot;}}\"><div class=\"swiper\"><div class=\"swiper-wrapper\">\n<div class=\"swiper-slide\"><div class=\"wp-block-greenshift-blocks-swipe swiper-slide-inner gspb_sliderinner-id-gsbp-5cc54d3\"><div class=\"slider-content-zone\">\n<div class=\"wp-block-greenshift-blocks-container gspb_container gspb_container-gsbp-22d45e0\" id=\"gspb_container-id-gsbp-22d45e0\"><div class=\"gspb_backgroundOverlay\"><\/div>\n<div class=\"wp-block-greenshift-blocks-container gspb_container gspb_container-gsbp-d8df700\" id=\"gspb_container-id-gsbp-d8df700\">\n<div id=\"gspb_text-id-gsbp-c755e84\" class=\"gspb_text gspb_text-id-gsbp-c755e84 \">TRATTAMENTO DELLE VENE VARICOSE<\/div>\n\n\n\n<h1 id=\"gspb_heading-id-gsbp-d51bfde\" class=\"gspb_heading gspb_heading-id-gsbp-d51bfde \">Trattamento Laser Transdermico per Capillari (Teleangectasie)<\/h1>\n\n\n\n<div class=\"wp-block-greenshift-blocks-container gspb_container gspb_container-gsbp-4d56052\" id=\"gspb_container-id-gsbp-4d56052\">\n<div class=\"wp-block-greenshift-blocks-container gspb_container gspb_container-gsbp-c7db708\" id=\"gspb_container-id-gsbp-c7db708\">\n<div class=\"wp-block-greenshift-blocks-image gspb_image gspb_image-id-gsbp-59fd2a0\" id=\"gspb_image-id-gsbp-59fd2a0\"><img decoding=\"async\" src=\"https:\/\/uniqsmile.com.tr\/wp-content\/uploads\/2024\/01\/home-avatar-2.webp\" data-src=\"\" alt=\"\" loading=\"lazy\" width=\"40\" height=\"120\" title=\"\"><\/div>\n\n\n\n<div class=\"wp-block-greenshift-blocks-image gspb_image gspb_image-id-gsbp-d250dd9\" id=\"gspb_image-id-gsbp-d250dd9\"><img decoding=\"async\" src=\"https:\/\/uniqsmile.com.tr\/wp-content\/uploads\/2024\/01\/home-avatar-3.webp\" data-src=\"\" alt=\"\" loading=\"lazy\" width=\"40\" height=\"120\" title=\"\"><\/div>\n<\/div>\n\n\n\n<div id=\"gspb_text-id-gsbp-6a7944c\" class=\"gspb_text gspb_text-id-gsbp-6a7944c \">1K+ Donne Felici<\/div>\n<\/div>\n<\/div>\n<\/div>\n\n\n\n<div class=\"wp-block-greenshift-blocks-video gs-video video gspb_video-id-gsbp-1bb62a6\" id=\"gs-video-gsbp-1bb62a6\"><div class=\"gs-video-wrapper\"><div class=\"gs-video-element\" data-src=\"https:\/\/drzuhaldurmaz.com\/wp-content\/uploads\/2025\/05\/0_Massage_Leg-Massage_3840x2160-2.mp4\" data-autoplay=\"true\" data-playsinline=\"true\" data-controls=\"false\" data-loop=\"true\" data-mute=\"true\" data-poster=\"\" data-provider=\"video\" data-overlay=\"false\" data-lightbox=\"false\"><\/div><\/div><\/div>\n<\/div><\/div><\/div>\n\n\n\n<div class=\"swiper-slide\"><div class=\"wp-block-greenshift-blocks-swipe swiper-slide-inner gspb_sliderinner-id-gsbp-301bf23\"><div class=\"slider-content-zone\">\n<p class=\"has-text-align-center has-medium-font-size\"><\/p>\n<\/div><\/div><\/div>\n<\/div><\/div><div class=\"swiper-pagination\"><\/div><div class=\"swiper-button-prev\"><\/div><div class=\"swiper-button-next\"><\/div><div class=\"swiper-scrollbar\"><\/div><\/div><\/div>\n\n\n\n<h2 class=\"wp-block-heading\" id=\"what-is-a-spider-vein\">Cosa Sono i Capillari (Teleangectasie)?<\/h2>\n\n\n\n<p>I&nbsp;<strong>capillari<\/strong>&nbsp;sono piccoli vasi sanguigni dilatati, di colore rosso o violaceo, situati vicino alla superficie della pelle.<br>Si trovano comunemente sul viso (naso, guance) e sulle gambe. Sebbene siano generalmente innocui, possono rappresentare un problema estetico per molte persone.<br>La terapia laser transdermica rappresenta una&nbsp;<strong>soluzione efficace e non invasiva<\/strong>&nbsp;per trattarli.<\/p>\n\n\n\n<hr class=\"wp-block-separator has-alpha-channel-opacity\"\/>\n\n\n\n<h2 class=\"wp-block-heading\" id=\"cos-e-la-terapia-laser-transdermica\">Cos\u2019\u00e8 la Terapia Laser Transdermica?<\/h2>\n\n\n\n<p>La&nbsp;<strong>terapia laser transdermica<\/strong>&nbsp;\u00e8 una procedura non invasiva che utilizza un raggio laser applicato esternamente sulla pelle per trattare i capillari.<br>L\u2019energia laser viene assorbita dall\u2019emoglobina all\u2019interno del vaso sanguigno, generando calore che provoca la&nbsp;<strong>chiusura delle pareti del capillare<\/strong>.<br>Il vaso trattato viene poi&nbsp;<strong>riassorbito naturalmente<\/strong>&nbsp;dal corpo.<br><strong>Non<\/strong>&nbsp;vengono utilizzate incisioni o aghi durante il trattamento.<\/p>\n\n\n\n<hr class=\"wp-block-separator has-alpha-channel-opacity\"\/>\n\n\n\n<h2 class=\"wp-block-heading\" id=\"come-si-svolge-il-trattamento\">Come si Svolge il Trattamento?<\/h2>\n\n\n\n<ul class=\"wp-block-list\">\n<li><strong>Valutazione Iniziale:<\/strong>&nbsp;si analizzano la pelle e la struttura dei vasi.<\/li>\n\n\n\n<li><strong>Applicazione del Laser:<\/strong>&nbsp;viene utilizzato un laser con lunghezza d\u2019onda appropriata.<\/li>\n\n\n\n<li><strong>Sistema di Raffreddamento:<\/strong>&nbsp;protegge la pelle e migliora il comfort del paziente.<\/li>\n\n\n\n<li><strong>Durata della Seduta:<\/strong>&nbsp;dipende dalla grandezza dell\u2019area trattata.<\/li>\n<\/ul>\n\n\n\n<p>I pazienti possono&nbsp;<strong>tornare immediatamente<\/strong>&nbsp;alle loro attivit\u00e0 quotidiane dopo il trattamento.<\/p>\n\n\n\n<hr class=\"wp-block-separator has-alpha-channel-opacity\"\/>\n\n\n\n<h2 class=\"wp-block-heading\" id=\"vantaggi-della-terapia-laser-transdermica\">Vantaggi della Terapia Laser Transdermica<\/h2>\n\n\n\n<ul class=\"wp-block-list\">\n<li>\u2705&nbsp;<strong>Nessun Intervento Chirurgico o Ago:<\/strong>&nbsp;non sono necessarie incisioni o iniezioni.<\/li>\n\n\n\n<li>\u2705&nbsp;<strong>Recupero Rapido:<\/strong>&nbsp;tempi di inattivit\u00e0 minimi.<\/li>\n\n\n\n<li>\u2705&nbsp;<strong>Risultati Visibili:<\/strong>&nbsp;riduzione significativa dei capillari.<\/li>\n\n\n\n<li>\u2705&nbsp;<strong>Applicazione Versatile:<\/strong>&nbsp;efficace su viso, gambe e altre zone.<\/li>\n\n\n\n<li>\u2705&nbsp;<strong>Effetti Collaterali Minimi:<\/strong>&nbsp;il pi\u00f9 comune \u00e8 un lieve arrossamento temporaneo.<\/li>\n<\/ul>\n\n\n\n<hr class=\"wp-block-separator has-alpha-channel-opacity\"\/>\n\n\n\n<h2 class=\"wp-block-heading\" id=\"a-chi-e-rivolto\">A Chi \u00c8 Rivolto?<\/h2>\n\n\n\n<p>La terapia laser transdermica \u00e8 adatta a chi presenta&nbsp;<strong>capillari visibili<\/strong>&nbsp;ed \u00e8 in buona salute generale.<br>Tuttavia, non \u00e8 consigliata nei seguenti casi:<\/p>\n\n\n\n<ul class=\"wp-block-list\">\n<li>Gravidanza o allattamento<\/li>\n\n\n\n<li>Infezioni cutanee attive<\/li>\n\n\n\n<li>Uso di farmaci fotosensibilizzanti<\/li>\n<\/ul>\n\n\n\n<hr class=\"wp-block-separator has-alpha-channel-opacity\"\/>\n\n\n\n<h2 class=\"wp-block-heading\" id=\"domande-frequenti\">Domande Frequenti<\/h2>\n\n\n\n<p><strong>Quante sedute sono necessarie?<\/strong><br>In genere servono&nbsp;<strong>da 1 a 3 sedute<\/strong>, a seconda della quantit\u00e0 e densit\u00e0 dei capillari.<\/p>\n\n\n\n<p><strong>Il trattamento \u00e8 doloroso?<\/strong><br>Grazie al sistema di raffreddamento, il fastidio \u00e8 minimo. La maggior parte dei pazienti riferisce solo una&nbsp;<strong>leggera sensazione di calore o pizzicore<\/strong>.<\/p>\n\n\n\n<p><strong>Quando vedr\u00f2 i risultati?<\/strong><br>I capillari trattati iniziano a&nbsp;<strong>svanire nel giro di poche settimane<\/strong>&nbsp;e continuano a migliorare nel tempo.<\/p>\n\n\n\n<p><strong>Ci sono effetti collaterali?<\/strong><br>Possono comparire&nbsp;<strong>arrossamento temporaneo<\/strong>,&nbsp;<strong>gonfiore lieve<\/strong>&nbsp;o&nbsp;<strong>piccoli lividi<\/strong>, che si risolvono rapidamente.<\/p>\n\n\n\n<hr class=\"wp-block-separator has-alpha-channel-opacity\"\/>\n\n\n\n<h2 class=\"wp-block-heading\" id=\"prenota-la-tua-visita\">Prenota la Tua Visita<\/h2>\n\n\n\n<p>Contattaci oggi per&nbsp;<strong>eliminare i capillari<\/strong>&nbsp;e migliorare l\u2019aspetto della tua pelle.<br>Il nostro team esperto \u00e8 pronto a elaborare il piano di trattamento pi\u00f9 adatto a te.<\/p>\n\n\n\n<p>\ud83d\udcde&nbsp;<strong>Telefono:<\/strong>&nbsp;0532 492 85 49<br>\ud83d\udce7&nbsp;<strong>Email:<\/strong>&nbsp;<a>info@drzuhaldurmaz.com<\/a><br>\ud83d\udccd&nbsp;<strong>Indirizzo:<\/strong>&nbsp;Abdi \u0130pek\u00e7i Cad. Reasurans Han 1, Piano 7, Ni\u015fanta\u015f\u0131 \/ Istanbul<\/p>\n","protected":false},"excerpt":{"rendered":"<p>Cosa Sono i Capillari (Teleangectasie)? I&nbsp;capillari&nbsp;sono piccoli vasi sanguigni dilatati, di colore rosso o violaceo, situati vicino alla superficie della pelle.Si trovano comunemente sul viso (naso, guance) e sulle gambe. Sebbene siano generalmente innocui, possono rappresentare un problema estetico per molte persone.La terapia laser transdermica rappresenta una&nbsp;soluzione efficace e non invasiva&nbsp;per trattarli. Cos\u2019\u00e8 la Terapia [&hellip;]<\/p>\n","protected":false},"author":1,"featured_media":613,"parent":0,"menu_order":0,"comment_status":"closed","ping_status":"closed","template":"","meta":{"_gspb_post_css":":root{--swiper-theme-color:#007aff}.swiper,swiper-container{margin-left:auto;margin-right:auto;position:relative;overflow:hidden;list-style:none;padding:0;z-index:1;display:block}.swiper-vertical>.swiper-wrapper{flex-direction:column}.swiper-wrapper{position:relative;width:100%;height:100%;z-index:1;display:flex;transition-property:transform;box-sizing:content-box}.swiper-android .swiper-slide,.swiper-wrapper{transform:translate3d(0,0,0)}.swiper-horizontal{touch-action:pan-y}.swiper-vertical{touch-action:pan-x}.swiper .swiper-slide,swiper-slide{flex-shrink:0;width:100%;height:100%;position:relative;transition-property:transform;display:block}.swiper-slide-invisible-blank{visibility:hidden}.swiper-autoheight,.swiper-autoheight .swiper-slide{height:auto}.swiper-autoheight .swiper-wrapper{align-items:flex-start;transition-property:transform,height}.swiper-backface-hidden .swiper-slide{transform:translateZ(0);-webkit-backface-visibility:hidden;backface-visibility:hidden}.swiper-3d,.swiper-3d.swiper-css-mode .swiper-wrapper{perspective:1200px}.swiper-3d .swiper-cube-shadow,.swiper-3d .swiper-slide,.swiper-3d .swiper-slide-shadow,.swiper-3d .swiper-slide-shadow-bottom,.swiper-3d .swiper-slide-shadow-left,.swiper-3d .swiper-slide-shadow-right,.swiper-3d .swiper-slide-shadow-top,.swiper-3d .swiper-wrapper{transform-style:preserve-3d}.swiper-3d .swiper-slide-shadow,.swiper-3d .swiper-slide-shadow-bottom,.swiper-3d .swiper-slide-shadow-left,.swiper-3d .swiper-slide-shadow-right,.swiper-3d .swiper-slide-shadow-top{position:absolute;left:0;top:0;width:100%;height:100%;pointer-events:none;z-index:10}.swiper-css-mode>.swiper-wrapper{overflow:auto;scrollbar-width:none;-ms-overflow-style:none}.swiper-css-mode>.swiper-wrapper::-webkit-scrollbar{display:none}.swiper-css-mode>.swiper-wrapper>.swiper-slide{scroll-snap-align:start start}.swiper-horizontal.swiper-css-mode>.swiper-wrapper{scroll-snap-type:x mandatory}.swiper-vertical.swiper-css-mode>.swiper-wrapper{scroll-snap-type:y mandatory}.swiper-centered>.swiper-wrapper::before{content:'';flex-shrink:0;order:9999}.swiper-centered>.swiper-wrapper>.swiper-slide{scroll-snap-align:center center;scroll-snap-stop:always}.swiper-centered.swiper-horizontal>.swiper-wrapper>.swiper-slide:first-child{margin-inline-start:var(--swiper-centered-offset-before)}.swiper-centered.swiper-horizontal>.swiper-wrapper::before{height:100%;min-height:1px;width:var(--swiper-centered-offset-after)}.swiper-centered.swiper-vertical>.swiper-wrapper>.swiper-slide:first-child{margin-block-start:var(--swiper-centered-offset-before)}.swiper-centered.swiper-vertical>.swiper-wrapper::before{width:100%;min-width:1px;height:var(--swiper-centered-offset-after)}.swiper-virtual .swiper-slide{-webkit-backface-visibility:hidden;transform:translateZ(0)}.swiper-virtual.swiper-css-mode .swiper-wrapper::after{content:'';position:absolute;left:0;top:0;pointer-events:none}.swiper-virtual.swiper-css-mode.swiper-horizontal .swiper-wrapper::after{height:1px;width:var(--swiper-virtual-size)}.swiper-virtual.swiper-css-mode.swiper-vertical .swiper-wrapper::after{width:1px;height:var(--swiper-virtual-size)}:root{--swiper-navigation-size:44px}.swiper-button-next,.swiper-button-prev{position:absolute;top:50%;width:calc(var(--swiper-navigation-size)\/44*27);height:var(--swiper-navigation-size);margin-top:calc(0px - (var(--swiper-navigation-size)\/2));z-index:10;cursor:pointer;display:flex;align-items:center;justify-content:center;color:var(--swiper-navigation-color,var(--swiper-theme-color))}.swiper-button-next.swiper-button-disabled,.swiper-button-prev.swiper-button-disabled{opacity:.35;cursor:auto;pointer-events:none}.swiper-button-next.swiper-button-hidden,.swiper-button-prev.swiper-button-hidden{opacity:0;cursor:auto;pointer-events:none}.swiper-navigation-disabled .swiper-button-next,.swiper-navigation-disabled .swiper-button-prev{display:none!important}.swiper-button-next:after,.swiper-button-prev:after{font-size:var(--swiper-navigation-size);text-transform:none!important;letter-spacing:0;font-variant:initial;line-height:1}.swiper-button-prev,.swiper-rtl .swiper-button-next{left:var(--swiper-navigation-sides-offset,10px);right:auto}.swiper-button-prev:after,.swiper-rtl .swiper-button-next:after{content:'\u276e'}.swiper-button-next,.swiper-rtl .swiper-button-prev{right:var(--swiper-navigation-sides-offset,10px);left:auto}.swiper-button-next:after,.swiper-rtl .swiper-button-prev:after{content:'\u276f'}.swiper-button-lock{display:none}.swiper-pagination{position:absolute;text-align:center;transition:.3s opacity;transform:translate3d(0,0,0);z-index:10}.swiper-pagination.swiper-pagination-hidden{opacity:0}.swiper-pagination-disabled>.swiper-pagination,.swiper-pagination.swiper-pagination-disabled{display:none!important}.swiper-horizontal>.swiper-pagination-bullets,.swiper-pagination-bullets.swiper-pagination-horizontal,.swiper-pagination-custom,.swiper-pagination-fraction{bottom:var(--swiper-pagination-bottom,10px);left:0;width:100%;line-height:0}.swiper-pagination-bullet{width:var(--swiper-pagination-bullet-width,var(--swiper-pagination-bullet-size,8px));height:var(--swiper-pagination-bullet-height,var(--swiper-pagination-bullet-size,8px));display:inline-block;border-radius:var(--swiper-pagination-bullet-border-radius,50%);background:var(--swiper-pagination-bullet-inactive-color,#000);opacity:var(--swiper-pagination-bullet-inactive-opacity,.2)}button.swiper-pagination-bullet{border:0;margin:0;padding:0;box-shadow:none;-webkit-appearance:none;appearance:none}.swiper-pagination-clickable .swiper-pagination-bullet{cursor:pointer}.swiper-pagination-bullet:only-child{display:none!important}.swiper-pagination-bullet-active{opacity:var(--swiper-pagination-bullet-opacity,1);background:var(--swiper-pagination-color,var(--swiper-theme-color))}.swiper-pagination-vertical.swiper-pagination-bullets,.swiper-vertical>.swiper-pagination-bullets{right:var(--swiper-pagination-right,10px);left:var(--swiper-pagination-left,auto);top:50%;transform:translate3d(0,-50%,0)}.swiper-pagination-vertical.swiper-pagination-bullets .swiper-pagination-bullet,.swiper-vertical>.swiper-pagination-bullets .swiper-pagination-bullet{margin:var(--swiper-pagination-bullet-vertical-gap,6px) 0;display:block}.swiper-horizontal>.swiper-pagination-bullets .swiper-pagination-bullet,.swiper-pagination-horizontal.swiper-pagination-bullets .swiper-pagination-bullet{margin:0 var(--swiper-pagination-bullet-horizontal-gap,4px)}.swiper-pagination-fraction{color:var(--swiper-pagination-fraction-color,inherit)}.swiper-pagination-lock{display:none}.swiper-scrollbar,.swiper-scrollbar-drag{position:relative;border-radius:var(--swiper-scrollbar-border-radius,10px)}.swiper-scrollbar{-ms-touch-action:none;background:var(--swiper-scrollbar-bg-color,rgba(0,0,0,.1))}.swiper-scrollbar-disabled>.swiper-scrollbar,.swiper-scrollbar.swiper-scrollbar-disabled{display:none!important}.swiper-horizontal>.swiper-scrollbar,.swiper-scrollbar.swiper-scrollbar-horizontal{position:absolute;left:var(--swiper-scrollbar-sides-offset,1%);bottom:var(--swiper-scrollbar-bottom,4px);top:var(--swiper-scrollbar-top,auto);z-index:50;height:var(--swiper-scrollbar-size,4px);width:calc(100% - 2*var(--swiper-scrollbar-sides-offset,1%))}.swiper-scrollbar.swiper-scrollbar-vertical,.swiper-vertical>.swiper-scrollbar{position:absolute;left:var(--swiper-scrollbar-left,auto);right:var(--swiper-scrollbar-right,4px);top:var(--swiper-scrollbar-sides-offset,1%);z-index:50;width:var(--swiper-scrollbar-size,4px);height:calc(100% - 2*var(--swiper-scrollbar-sides-offset,1%))}.swiper-scrollbar-drag{height:100%;width:100%;background:var(--swiper-scrollbar-drag-bg-color,rgba(0,0,0,.5));left:0;top:0}.swiper-scrollbar-cursor-drag{cursor:move}.swiper-scrollbar-lock{display:none}.swiper-zoom-container{width:100%;height:100%;display:flex;justify-content:center;align-items:center;text-align:center}.swiper-zoom-container>canvas,.swiper-zoom-container>img,.swiper-zoom-container>svg{max-width:100%;max-height:100%;object-fit:contain}.swiper-slide-zoomed{cursor:move;touch-action:none}.swiper .swiper-notification,swiper-container .swiper-notification{position:absolute;left:0;top:0;pointer-events:none;opacity:0;z-index:-1000}.swiper-free-mode>.swiper-wrapper{transition-timing-function:ease-out;margin:0 auto}.swiper-cards .swiper-slide,.swiper-creative .swiper-slide{-webkit-backface-visibility:hidden;backface-visibility:hidden;overflow:hidden}.swiper-creative .swiper-slide{transition-property:transform,opacity,height}.swiper-cards{overflow:visible}.swiper-cards .swiper-slide{transform-origin:center bottom}.gspb_slider-id-gsbp-62b6676 .swiper-slide-inner{min-height:160%;justify-content:center}.gspb_slider-id-gsbp-62b6676 .swiper-button-next,.gspb_slider-id-gsbp-62b6676 .swiper-button-prev{top:50%}@media (max-width:575.98px){.gspb_slider-id-gsbp-62b6676 .swiper-button-next,.gspb_slider-id-gsbp-62b6676 .swiper-button-prev{top:50%}}.gspb_slider-id-gsbp-62b6676 .swiper-button-prev{left:10px}@media (max-width:575.98px){.gspb_slider-id-gsbp-62b6676 .swiper-button-prev{left:3px}}.gspb_slider-id-gsbp-62b6676 .swiper-button-next{right:10px}@media (max-width:575.98px){.gspb_slider-id-gsbp-62b6676 .swiper-button-next{right:3px}}.gspb_slider-id-gsbp-62b6676 .swiper-slide-inner{align-items:center}.gspb_slider-id-gsbp-62b6676 .swiper-button-next,.gspb_slider-id-gsbp-62b6676 .swiper-button-prev{width:70px;height:70px;line-height:70px}@media (max-width:575.98px){.gspb_slider-id-gsbp-62b6676 .swiper-button-next,.gspb_slider-id-gsbp-62b6676 .swiper-button-prev{width:36px;height:36px;line-height:36px}}.gspb_slider-id-gsbp-62b6676 .swiper-button-next:after,.gspb_slider-id-gsbp-62b6676 .swiper-button-prev:after{font-size:30px}@media (max-width:575.98px){.gspb_slider-id-gsbp-62b6676 .swiper-button-next:after,.gspb_slider-id-gsbp-62b6676 .swiper-button-prev:after{font-size:20px}}.gspb_slider-id-gsbp-62b6676 .gspb-sliderlink{position:absolute;top:0;left:0;right:0;bottom:0;z-index:3}.gspb_slider-id-gsbp-62b6676 .swiper-slide-inner>div{position:relative}.gspb_slider-id-gsbp-62b6676 .swiper-pagination{bottom:10px!important;display:none!important;text-align:center!important}.gspb_slider-id-gsbp-62b6676 .swiper-scrollbar{visibility:hidden;height:6px;display:none}.gspb_slider-id-gsbp-62b6676 .swiper-pagination-bullet{width:8px;height:8px;border-radius:100px;transition:width .4s ease-out}.gspb_slider-id-gsbp-62b6676 .swiper-pagination-bullet-active{width:24px}.gspb_slider-id-gsbp-62b6676 .swiper-button-next,.gspb_slider-id-gsbp-62b6676 .swiper-button-prev{background-color:#fff;box-shadow:20px 20px 60px #58667d5e;display:none;border-radius:100px}.gspb_slider-id-gsbp-62b6676 .swiper-slide-inner .wp-block,.gspb_slider-id-gsbp-62b6676 .swiper-slide-inner.wp-block{max-width:100%}.gspb_slider-id-gsbp-62b6676 .slider-image-wrapper{top:0;left:0;right:0;bottom:0;position:absolute!important;z-index:0;height:100%;width:100%;overflow:hidden}.gspb_slider-id-gsbp-62b6676 .slider-image-wrapper img{width:100%;height:100%}.gspb_text-id-gsbp-40d254d,.gspb_text-id-gsbp-40d254d .gsap-g-line{text-align:left!important}.gspb_text-id-gsbp-40d254d{margin-top:60px!important;margin-bottom:20px!important}.gsbp-33861f4{padding:40px}@media (max-width:575.98px){.gsbp-33861f4{padding:20px}}.gsbp-33861f4{background-color:#222d40;border-top-left-radius:18px;border-top-right-radius:18px;border-bottom-right-radius:18px;border-bottom-left-radius:18px;color:#fff;display:flex;flex-direction:column;row-gap:30px;column-gap:30px}.gsbp-33861f4 .wp-block a,.gsbp-33861f4 a{color:#fff}.gsbp-9b0c795{row-gap:20px}#gspb_button-id-gsbp-882de7a,#gspb_button-id-gsbp-8bd0b30{display:flex;justify-content:flex-start}#gspb_button-id-gsbp-8bd0b30 .gspb-buttonbox-text,.gsbp-9b0c795{display:flex;flex-direction:column}#gspb_button-id-gsbp-8bd0b30>.gspb-buttonbox{box-sizing:border-box;background-color:#ffffff00;width:100%;text-align:center!important;color:#fff;border-style:solid;border-width:2px;border-color:#fff;transition:all .5s cubic-bezier(.42,0,.58,1)}#gspb_button-id-gsbp-8bd0b30>.gspb-buttonbox .gsap-g-line{text-align:center!important}#gspb_button-id-gsbp-8bd0b30>.gspb-buttonbox,#gspb_button-id-gsbp-8bd0b30>.gspb-buttonbox>.gspb_backgroundOverlay{border-top-left-radius:10px;border-top-right-radius:10px;border-bottom-right-radius:10px;border-bottom-left-radius:10px}#gspb_button-id-gsbp-8bd0b30>.gspb-buttonbox .gspb-buttonbox-icon svg,#gspb_button-id-gsbp-8bd0b30>.gspb-buttonbox .gspb-buttonbox-icon svg path{transition:all .5s cubic-bezier(.42,0,.58,1)}#gspb_button-id-gsbp-882de7a .gspb-buttonbox-text,.gsbp-f04e91d{display:flex;flex-direction:column}#gspb_button-id-gsbp-882de7a>.gspb-buttonbox{box-sizing:border-box;width:100%;text-align:center!important}#gspb_button-id-gsbp-882de7a>.gspb-buttonbox .gsap-g-line{text-align:center!important}#gspb_button-id-gsbp-882de7a>.gspb-buttonbox,#gspb_button-id-gsbp-882de7a>.gspb-buttonbox>.gspb_backgroundOverlay{border-top-left-radius:15px;border-top-right-radius:15px;border-bottom-right-radius:15px;border-bottom-left-radius:15px}#gspb_button-id-gsbp-882de7a>.gspb-buttonbox,#gspb_button-id-gsbp-882de7a>.gspb-buttonbox .gspb-buttonbox-icon svg,#gspb_button-id-gsbp-882de7a>.gspb-buttonbox .gspb-buttonbox-icon svg path{transition:all .5s cubic-bezier(.42,0,.58,1)}.gsbp-f04e91d{row-gap:10px}.gsbp-ead3a57{display:flex;justify-content:flex-start;align-items:center;row-gap:15px;column-gap:15px}.gsbp-5f37b62{display:flex;flex-direction:row}.gsbp-96d3baf,.gsbp-a555ac9{margin-left:-10px;border-top-left-radius:103px;border-top-right-radius:103px;border-bottom-right-radius:103px;border-bottom-left-radius:103px;border-style:solid;border-width:3px;border-color:#fff;width:42px;height:42px}.gsbp-87fbb04{font-size:14px;line-height:20px;font-weight:700!important}.gspb_bar-id-gsbp-8a22566 .star-rating{font-size:16px;line-height:16px;position:relative;letter-spacing:0;display:inline-block;font-family:initial}.gspb_bar-id-gsbp-8a22566{line-height:16px}.gspb_bar-id-gsbp-8a22566 .star-rating::before{color:#97a9c0;content:\"\u2605\u2605\u2605\u2605\u2605\"}.gspb_bar-id-gsbp-8a22566 .star-rating span{position:absolute;top:0;left:0;right:0;overflow:hidden;white-space:nowrap}.gspb_bar-id-gsbp-8a22566 .star-rating span::before{color:#ff9300;content:\"\u2605\u2605\u2605\u2605\u2605\"}","footnotes":""},"class_list":["post-845","page","type-page","status-publish","has-post-thumbnail","hentry"],"blocksy_meta":{"page_structure_type":"type-3","has_hero_section":"disabled","styles_descriptor":{"styles":{"desktop":"","tablet":"","mobile":""},"google_fonts":[],"version":6},"vertical_spacing_source":"custom","content_area_spacing":"bottom"},"_links":{"self":[{"href":"https:\/\/drzuhaldurmaz.com\/it\/wp-json\/wp\/v2\/pages\/845","targetHints":{"allow":["GET"]}}],"collection":[{"href":"https:\/\/drzuhaldurmaz.com\/it\/wp-json\/wp\/v2\/pages"}],"about":[{"href":"https:\/\/drzuhaldurmaz.com\/it\/wp-json\/wp\/v2\/types\/page"}],"author":[{"embeddable":true,"href":"https:\/\/drzuhaldurmaz.com\/it\/wp-json\/wp\/v2\/users\/1"}],"replies":[{"embeddable":true,"href":"https:\/\/drzuhaldurmaz.com\/it\/wp-json\/wp\/v2\/comments?post=845"}],"version-history":[{"count":4,"href":"https:\/\/drzuhaldurmaz.com\/it\/wp-json\/wp\/v2\/pages\/845\/revisions"}],"predecessor-version":[{"id":1137,"href":"https:\/\/drzuhaldurmaz.com\/it\/wp-json\/wp\/v2\/pages\/845\/revisions\/1137"}],"wp:featuredmedia":[{"embeddable":true,"href":"https:\/\/drzuhaldurmaz.com\/it\/wp-json\/wp\/v2\/media\/613"}],"wp:attachment":[{"href":"https:\/\/drzuhaldurmaz.com\/it\/wp-json\/wp\/v2\/media?parent=845"}],"curies":[{"name":"wp","href":"https:\/\/api.w.org\/{rel}","templated":true}]}}