{"id":841,"date":"2025-04-16T22:55:31","date_gmt":"2025-04-16T22:55:31","guid":{"rendered":"https:\/\/drzuhaldurmaz.com\/stripping-varicose-veins-surgery\/"},"modified":"2025-06-03T19:32:04","modified_gmt":"2025-06-03T19:32:04","slug":"stripping-varicose-veins-surgery","status":"publish","type":"page","link":"https:\/\/drzuhaldurmaz.com\/it\/stripping-varicose-veins-surgery\/","title":{"rendered":"Stripping (Chirurgia delle Vene Varicose)"},"content":{"rendered":"\n\n\n<div class=\"wp-block-greenshift-blocks-swiper alignfull gs-swiper gspb_slider-id-gsbp-62b6676\" style=\"position:relative\"><div class=\"gs-swiper-init\" data-slidesperview=\"1\" data-spacebetween=\"10\" data-spacebetweenmd=\"10\" data-spacebetweensm=\"10\" data-spacebetweenxs=\"10\" data-speed=\"700\" data-loop=\"false\" data-vertical=\"false\" data-verticalheight=\"500px\" data-autoheight=\"false\" data-grabcursor=\"false\" data-freemode=\"false\" data-centered=\"false\" data-autoplay=\"false\" data-autodelay=\"4000\" data-effect=\"creative\" data-coverflowshadow=\"false\" data-customparams=\"{&quot;prev&quot;:{&quot;translateX&quot;:&quot;0px&quot;,&quot;translateY&quot;:&quot;0px&quot;,&quot;translateZ&quot;:&quot;0px&quot;,&quot;rotateX&quot;:0,&quot;rotateY&quot;:0,&quot;rotateZ&quot;:0,&quot;opacity&quot;:1,&quot;shadow&quot;:false,&quot;scale&quot;:1,&quot;origin&quot;:&quot;&quot;},&quot;next&quot;:{&quot;translateX&quot;:&quot;100%&quot;,&quot;translateY&quot;:&quot;0px&quot;,&quot;translateZ&quot;:&quot;0px&quot;,&quot;rotateX&quot;:0,&quot;rotateY&quot;:0,&quot;rotateZ&quot;:0,&quot;opacity&quot;:1,&quot;shadow&quot;:false,&quot;scale&quot;:1,&quot;origin&quot;:&quot;&quot;}}\"><div class=\"swiper\"><div class=\"swiper-wrapper\">\n<div class=\"swiper-slide\"><div class=\"wp-block-greenshift-blocks-swipe swiper-slide-inner gspb_sliderinner-id-gsbp-5cc54d3\"><div class=\"slider-content-zone\">\n<div class=\"wp-block-greenshift-blocks-container gspb_container gspb_container-gsbp-22d45e0\" id=\"gspb_container-id-gsbp-22d45e0\"><div class=\"gspb_backgroundOverlay\"><\/div>\n<div class=\"wp-block-greenshift-blocks-container gspb_container gspb_container-gsbp-d8df700\" id=\"gspb_container-id-gsbp-d8df700\">\n<div id=\"gspb_text-id-gsbp-c755e84\" class=\"gspb_text gspb_text-id-gsbp-c755e84 \">TRATTAMENTO DELLE VENE VARICOSE<\/div>\n\n\n\n<h1 id=\"gspb_heading-id-gsbp-d51bfde\" class=\"gspb_heading gspb_heading-id-gsbp-d51bfde \">Stripping (Chirurgia delle Vene Varicose)<\/h1>\n\n\n\n<div class=\"wp-block-greenshift-blocks-container gspb_container gspb_container-gsbp-4d56052\" id=\"gspb_container-id-gsbp-4d56052\">\n<div class=\"wp-block-greenshift-blocks-container gspb_container gspb_container-gsbp-c7db708\" id=\"gspb_container-id-gsbp-c7db708\">\n<div class=\"wp-block-greenshift-blocks-image gspb_image gspb_image-id-gsbp-59fd2a0\" id=\"gspb_image-id-gsbp-59fd2a0\"><img decoding=\"async\" src=\"https:\/\/uniqsmile.com.tr\/wp-content\/uploads\/2024\/01\/home-avatar-2.webp\" data-src=\"\" alt=\"\" loading=\"lazy\" width=\"40\" height=\"120\" title=\"\"><\/div>\n\n\n\n<div class=\"wp-block-greenshift-blocks-image gspb_image gspb_image-id-gsbp-d250dd9\" id=\"gspb_image-id-gsbp-d250dd9\"><img decoding=\"async\" src=\"https:\/\/uniqsmile.com.tr\/wp-content\/uploads\/2024\/01\/home-avatar-3.webp\" data-src=\"\" alt=\"\" loading=\"lazy\" width=\"40\" height=\"120\" title=\"\"><\/div>\n<\/div>\n\n\n\n<div id=\"gspb_text-id-gsbp-6a7944c\" class=\"gspb_text gspb_text-id-gsbp-6a7944c \">1K+ Donne Felici<\/div>\n<\/div>\n<\/div>\n<\/div>\n\n\n\n<div class=\"wp-block-greenshift-blocks-video gs-video video gspb_video-id-gsbp-1bb62a6\" id=\"gs-video-gsbp-1bb62a6\"><div class=\"gs-video-wrapper\"><div class=\"gs-video-element\" data-src=\"https:\/\/drzuhaldurmaz.com\/wp-content\/uploads\/2025\/05\/0_Massage_Leg-Massage_3840x2160-2-2.mp4\" data-autoplay=\"true\" data-playsinline=\"true\" data-controls=\"false\" data-loop=\"true\" data-mute=\"true\" data-poster=\"\" data-provider=\"video\" data-overlay=\"false\" data-lightbox=\"false\"><\/div><\/div><\/div>\n<\/div><\/div><\/div>\n\n\n\n<div class=\"swiper-slide\"><div class=\"wp-block-greenshift-blocks-swipe swiper-slide-inner gspb_sliderinner-id-gsbp-301bf23\"><div class=\"slider-content-zone\">\n<p class=\"has-text-align-center has-medium-font-size\"><\/p>\n<\/div><\/div><\/div>\n<\/div><\/div><div class=\"swiper-pagination\"><\/div><div class=\"swiper-button-prev\"><\/div><div class=\"swiper-button-next\"><\/div><div class=\"swiper-scrollbar\"><\/div><\/div><\/div>\n\n\n\n<h2 class=\"wp-block-heading\" id=\"what-is-the-stripping-method\">Cos\u2019\u00e8 il Metodo Stripping?<\/h2>\n\n\n\n<p>Lo&nbsp;<strong>stripping<\/strong>&nbsp;\u00e8 una tecnica chirurgica tradizionale utilizzata per rimuovere le vene varicose. Durante l\u2019intervento, si effettuano piccole incisioni nell\u2019area inguinale e alla caviglia per estrarre chirurgicamente la vena malfunzionante.<br>Viene eseguito in sala operatoria in condizioni sterili. Anche se efficace, il periodo di recupero \u00e8 pi\u00f9 lungo rispetto ad altre tecniche e possono verificarsi complicazioni come sanguinamento, ematomi o sensazioni di intorpidimento\/parestesie dovute ai nervi.<\/p>\n\n\n\n<p>Questa tecnica \u00e8 particolarmente indicata per il trattamento delle vene varicose&nbsp;<strong>grandi e profonde<\/strong>. Si utilizza un filo speciale chiamato \u201cstripper\u201d per rimuovere la vena attraverso piccole incisioni chirurgiche.<\/p>\n\n\n\n<hr class=\"wp-block-separator has-alpha-channel-opacity\"\/>\n\n\n\n<h2 class=\"wp-block-heading\" id=\"come-si-svolge-l-intervento-di-stripping\">Come si Svolge l\u2019Intervento di Stripping?<\/h2>\n\n\n\n<ul class=\"wp-block-list\">\n<li><strong>Preparazione &amp; Anestesia:<\/strong>&nbsp;viene effettuata una mappatura preoperatoria delle vene. Si somministra anestesia generale o spinale.<\/li>\n\n\n\n<li><strong>Incisioni &amp; Rimozione della Vena:<\/strong>&nbsp;si praticano piccole incisioni all\u2019inguine e alla caviglia. Il filo stripper viene inserito nella vena per estrarla.<\/li>\n\n\n\n<li><strong>Chiusura &amp; Bendaggio:<\/strong>&nbsp;le incisioni vengono suturate e la gamba viene fasciata con una benda compressiva.<\/li>\n<\/ul>\n\n\n\n<p>L\u2019intervento dura generalmente&nbsp;<strong>30\u201360 minuti<\/strong>, e la maggior parte dei pazienti viene dimessa lo stesso giorno.<\/p>\n\n\n\n<hr class=\"wp-block-separator has-alpha-channel-opacity\"\/>\n\n\n\n<h2 class=\"wp-block-heading\" id=\"vantaggi-del-metodo-stripping\">Vantaggi del Metodo Stripping<\/h2>\n\n\n\n<ul class=\"wp-block-list\">\n<li>\u2705&nbsp;<strong>Soluzione Permanente:<\/strong>&nbsp;rimuove completamente le vene varicose, riducendo il rischio di recidiva.<\/li>\n\n\n\n<li>\u2705&nbsp;<strong>Risultati Efficaci:<\/strong>&nbsp;alta percentuale di successo nel trattamento delle vene grandi e profonde.<\/li>\n\n\n\n<li>\u2705&nbsp;<strong>Recupero Rapido:<\/strong>&nbsp;la maggior parte dei pazienti torna alle attivit\u00e0 quotidiane in pochi giorni.<\/li>\n\n\n\n<li>\u2705&nbsp;<strong>Aspetto Estetico:<\/strong>&nbsp;le incisioni ridotte lasciano cicatrici minime.<\/li>\n<\/ul>\n\n\n\n<hr class=\"wp-block-separator has-alpha-channel-opacity\"\/>\n\n\n\n<h2 class=\"wp-block-heading\" id=\"convenzioni-con-assicurazioni-sanitarie\">Convenzioni con Assicurazioni Sanitarie<\/h2>\n\n\n\n<p>\u00c8 possibile utilizzare l\u2019assicurazione sanitaria privata per l\u2019intervento.<br>La nostra clinica \u00e8 convenzionata con le seguenti compagnie:<\/p>\n\n\n\n<ul class=\"wp-block-list\">\n<li><strong>Ac\u0131badem Sigorta<\/strong><\/li>\n\n\n\n<li><strong>Allianz<\/strong><\/li>\n\n\n\n<li><strong>Mapfre<\/strong><\/li>\n\n\n\n<li><strong>GENERALI<\/strong><\/li>\n\n\n\n<li><strong>GROUPAMA<\/strong><\/li>\n\n\n\n<li><strong>RAY Sigorta<\/strong><\/li>\n\n\n\n<li><strong>Anadolu Sigorta<\/strong><\/li>\n<\/ul>\n\n\n\n<p>Contattaci per sapere se la tua assicurazione copre il trattamento delle vene varicose.<\/p>\n\n\n\n<hr class=\"wp-block-separator has-alpha-channel-opacity\"\/>\n\n\n\n<h2 class=\"wp-block-heading\" id=\"a-chi-e-rivolto-l-intervento-di-stripping\">A Chi \u00e8 Rivolto l\u2019Intervento di Stripping?<\/h2>\n\n\n\n<p>Indicato per chi presenta:<\/p>\n\n\n\n<ul class=\"wp-block-list\">\n<li>Vene varicose grandi e profonde<\/li>\n\n\n\n<li>Vasi non adatti a laser o scleroterapia<\/li>\n\n\n\n<li>Preoccupazioni estetiche legate alle vene varicose<\/li>\n<\/ul>\n\n\n\n<p>Non \u00e8 raccomandato nei seguenti casi:<\/p>\n\n\n\n<ul class=\"wp-block-list\">\n<li>Gravidanza o allattamento<\/li>\n\n\n\n<li>Trombosi venosa profonda attiva (TVP)<\/li>\n\n\n\n<li>Infezioni in corso<\/li>\n\n\n\n<li>Malattie cardiache o vascolari specifiche<\/li>\n<\/ul>\n\n\n\n<hr class=\"wp-block-separator has-alpha-channel-opacity\"\/>\n\n\n\n<h2 class=\"wp-block-heading\" id=\"recupero-dopo-l-intervento\">Recupero Dopo l\u2019Intervento<\/h2>\n\n\n\n<ul class=\"wp-block-list\">\n<li><strong>Camminare Subito:<\/strong>&nbsp;la maggior parte dei pazienti pu\u00f2 camminare lo stesso giorno dell\u2019intervento.<\/li>\n\n\n\n<li><strong>Calze Elastiche:<\/strong>&nbsp;\u00e8 consigliato l\u2019uso di calze compressive per il periodo indicato dal medico.<\/li>\n\n\n\n<li><strong>Ritorno alla Normalit\u00e0:<\/strong>&nbsp;le attivit\u00e0 quotidiane possono essere riprese dopo pochi giorni.<\/li>\n\n\n\n<li><strong>Cicatrici Minime:<\/strong>&nbsp;le incisioni ridotte permettono un buon risultato estetico.<\/li>\n<\/ul>\n\n\n\n<hr class=\"wp-block-separator has-alpha-channel-opacity\"\/>\n\n\n\n<h2 class=\"wp-block-heading\" id=\"domande-frequenti\">Domande Frequenti<\/h2>\n\n\n\n<p><strong>L\u2019intervento di stripping \u00e8 doloroso?<\/strong><br>No, viene eseguito in anestesia generale o spinale, quindi non si avverte alcun dolore durante l\u2019operazione.<\/p>\n\n\n\n<p><strong>Quanto dura il recupero?<\/strong><br>La maggior parte dei pazienti riprende la normale attivit\u00e0 entro pochi giorni.<\/p>\n\n\n\n<p><strong>Rimangono cicatrici?<\/strong><br>Le cicatrici sono minime grazie alle piccole incisioni, e tendono a schiarirsi nel tempo.<\/p>\n\n\n\n<p><strong>Lo stripping \u00e8 una soluzione definitiva?<\/strong><br>S\u00ec. Le vene rimosse non ritornano. Tuttavia, \u00e8 consigliabile adottare uno stile di vita sano e sottoporsi a controlli regolari per prevenire la formazione di nuove vene varicose.<\/p>\n\n\n\n<hr class=\"wp-block-separator has-alpha-channel-opacity\"\/>\n\n\n\n<h2 class=\"wp-block-heading\" id=\"prenota-ora-la-tua-visita\">Prenota Ora la Tua Visita<\/h2>\n\n\n\n<p>Contattaci oggi stesso per risolvere i tuoi problemi di vene varicose e ottenere gambe pi\u00f9 sane e belle.<br>Il nostro team esperto \u00e8 pronto a creare un piano di trattamento personalizzato per te.<\/p>\n\n\n\n<p>\ud83d\udcde&nbsp;<strong>Telefono:<\/strong>&nbsp;0532 492 85 49<br>\ud83d\udce7&nbsp;<strong>Email:<\/strong>&nbsp;<a>info@drzuhaldurmaz.com<\/a><br>\ud83d\udccd&nbsp;<strong>Indirizzo:<\/strong>&nbsp;Abdi \u0130pek\u00e7i Cad. Reasurans Han 1, Piano 7, Ni\u015fanta\u015f\u0131 \/ Istanbul<\/p>\n","protected":false},"excerpt":{"rendered":"<p>Cos\u2019\u00e8 il Metodo Stripping? Lo&nbsp;stripping&nbsp;\u00e8 una tecnica chirurgica tradizionale utilizzata per rimuovere le vene varicose. Durante l\u2019intervento, si effettuano piccole incisioni nell\u2019area inguinale e alla caviglia per estrarre chirurgicamente la vena malfunzionante.Viene eseguito in sala operatoria in condizioni sterili. Anche se efficace, il periodo di recupero \u00e8 pi\u00f9 lungo rispetto ad altre tecniche e possono [&hellip;]<\/p>\n","protected":false},"author":1,"featured_media":613,"parent":0,"menu_order":0,"comment_status":"closed","ping_status":"closed","template":"","meta":{"_gspb_post_css":".gspb_text-id-gsbp-40d254d,.gspb_text-id-gsbp-40d254d .gsap-g-line{text-align:left!important}.gspb_text-id-gsbp-40d254d{margin-top:60px!important;margin-bottom:20px!important}.gsbp-33861f4{padding:40px}@media (max-width:575.98px){.gsbp-33861f4{padding:20px}}.gsbp-33861f4{background-color:#222d40;border-top-left-radius:18px;border-top-right-radius:18px;border-bottom-right-radius:18px;border-bottom-left-radius:18px;color:#fff;display:flex;flex-direction:column;row-gap:30px;column-gap:30px}.gsbp-33861f4 .wp-block a,.gsbp-33861f4 a{color:#fff}.gsbp-9b0c795{row-gap:20px}#gspb_button-id-gsbp-882de7a,#gspb_button-id-gsbp-8bd0b30{display:flex;justify-content:flex-start}#gspb_button-id-gsbp-8bd0b30 .gspb-buttonbox-text,.gsbp-9b0c795{display:flex;flex-direction:column}#gspb_button-id-gsbp-8bd0b30>.gspb-buttonbox{box-sizing:border-box;background-color:#ffffff00;width:100%;text-align:center!important;color:#fff;border-style:solid;border-width:2px;border-color:#fff;transition:all .5s cubic-bezier(.42,0,.58,1)}#gspb_button-id-gsbp-8bd0b30>.gspb-buttonbox .gsap-g-line{text-align:center!important}#gspb_button-id-gsbp-8bd0b30>.gspb-buttonbox,#gspb_button-id-gsbp-8bd0b30>.gspb-buttonbox>.gspb_backgroundOverlay{border-top-left-radius:10px;border-top-right-radius:10px;border-bottom-right-radius:10px;border-bottom-left-radius:10px}#gspb_button-id-gsbp-8bd0b30>.gspb-buttonbox .gspb-buttonbox-icon svg,#gspb_button-id-gsbp-8bd0b30>.gspb-buttonbox .gspb-buttonbox-icon svg path{transition:all .5s cubic-bezier(.42,0,.58,1)}#gspb_button-id-gsbp-882de7a .gspb-buttonbox-text,.gsbp-f04e91d{display:flex;flex-direction:column}#gspb_button-id-gsbp-882de7a>.gspb-buttonbox{box-sizing:border-box;width:100%;text-align:center!important}#gspb_button-id-gsbp-882de7a>.gspb-buttonbox .gsap-g-line{text-align:center!important}#gspb_button-id-gsbp-882de7a>.gspb-buttonbox,#gspb_button-id-gsbp-882de7a>.gspb-buttonbox>.gspb_backgroundOverlay{border-top-left-radius:15px;border-top-right-radius:15px;border-bottom-right-radius:15px;border-bottom-left-radius:15px}#gspb_button-id-gsbp-882de7a>.gspb-buttonbox,#gspb_button-id-gsbp-882de7a>.gspb-buttonbox .gspb-buttonbox-icon svg,#gspb_button-id-gsbp-882de7a>.gspb-buttonbox .gspb-buttonbox-icon svg path{transition:all .5s cubic-bezier(.42,0,.58,1)}.gsbp-f04e91d{row-gap:10px}.gsbp-ead3a57{display:flex;justify-content:flex-start;align-items:center;row-gap:15px;column-gap:15px}.gsbp-5f37b62{display:flex;flex-direction:row}.gsbp-96d3baf,.gsbp-a555ac9{margin-left:-10px;border-top-left-radius:103px;border-top-right-radius:103px;border-bottom-right-radius:103px;border-bottom-left-radius:103px;border-style:solid;border-width:3px;border-color:#fff;width:42px;height:42px}.gsbp-87fbb04{font-size:14px;line-height:20px;font-weight:700!important}.gspb_bar-id-gsbp-8a22566 .star-rating{font-size:16px;line-height:16px;position:relative;letter-spacing:0;display:inline-block;font-family:initial}.gspb_bar-id-gsbp-8a22566{line-height:16px}.gspb_bar-id-gsbp-8a22566 .star-rating::before{color:#97a9c0;content:\"\u2605\u2605\u2605\u2605\u2605\"}.gspb_bar-id-gsbp-8a22566 .star-rating span{position:absolute;top:0;left:0;right:0;overflow:hidden;white-space:nowrap}.gspb_bar-id-gsbp-8a22566 .star-rating span::before{color:#ff9300;content:\"\u2605\u2605\u2605\u2605\u2605\"}","footnotes":""},"class_list":["post-841","page","type-page","status-publish","has-post-thumbnail","hentry"],"blocksy_meta":{"page_structure_type":"type-3","has_hero_section":"disabled","styles_descriptor":{"styles":{"desktop":"","tablet":"","mobile":""},"google_fonts":[],"version":6},"vertical_spacing_source":"custom","content_area_spacing":"bottom"},"_links":{"self":[{"href":"https:\/\/drzuhaldurmaz.com\/it\/wp-json\/wp\/v2\/pages\/841","targetHints":{"allow":["GET"]}}],"collection":[{"href":"https:\/\/drzuhaldurmaz.com\/it\/wp-json\/wp\/v2\/pages"}],"about":[{"href":"https:\/\/drzuhaldurmaz.com\/it\/wp-json\/wp\/v2\/types\/page"}],"author":[{"embeddable":true,"href":"https:\/\/drzuhaldurmaz.com\/it\/wp-json\/wp\/v2\/users\/1"}],"replies":[{"embeddable":true,"href":"https:\/\/drzuhaldurmaz.com\/it\/wp-json\/wp\/v2\/comments?post=841"}],"version-history":[{"count":4,"href":"https:\/\/drzuhaldurmaz.com\/it\/wp-json\/wp\/v2\/pages\/841\/revisions"}],"predecessor-version":[{"id":1139,"href":"https:\/\/drzuhaldurmaz.com\/it\/wp-json\/wp\/v2\/pages\/841\/revisions\/1139"}],"wp:featuredmedia":[{"embeddable":true,"href":"https:\/\/drzuhaldurmaz.com\/it\/wp-json\/wp\/v2\/media\/613"}],"wp:attachment":[{"href":"https:\/\/drzuhaldurmaz.com\/it\/wp-json\/wp\/v2\/media?parent=841"}],"curies":[{"name":"wp","href":"https:\/\/api.w.org\/{rel}","templated":true}]}}