{"id":907,"date":"2025-04-16T22:51:10","date_gmt":"2025-04-16T22:51:10","guid":{"rendered":"https:\/\/drzuhaldurmaz.com\/mini-phlebectomy\/"},"modified":"2025-06-03T19:08:20","modified_gmt":"2025-06-03T19:08:20","slug":"mini-phlebectomy","status":"publish","type":"page","link":"https:\/\/drzuhaldurmaz.com\/es\/mini-phlebectomy\/","title":{"rendered":"Miniflebectom\u00eda"},"content":{"rendered":"\n\n\n<div class=\"wp-block-greenshift-blocks-swiper alignfull gs-swiper gspb_slider-id-gsbp-62b6676\" style=\"position:relative\"><div class=\"gs-swiper-init\" data-slidesperview=\"1\" data-spacebetween=\"10\" data-spacebetweenmd=\"10\" data-spacebetweensm=\"10\" data-spacebetweenxs=\"10\" data-speed=\"700\" data-loop=\"false\" data-vertical=\"false\" data-verticalheight=\"500px\" data-autoheight=\"false\" data-grabcursor=\"false\" data-freemode=\"false\" data-centered=\"false\" data-autoplay=\"false\" data-autodelay=\"4000\" data-effect=\"creative\" data-coverflowshadow=\"false\" data-customparams=\"{&quot;prev&quot;:{&quot;translateX&quot;:&quot;0px&quot;,&quot;translateY&quot;:&quot;0px&quot;,&quot;translateZ&quot;:&quot;0px&quot;,&quot;rotateX&quot;:0,&quot;rotateY&quot;:0,&quot;rotateZ&quot;:0,&quot;opacity&quot;:1,&quot;shadow&quot;:false,&quot;scale&quot;:1,&quot;origin&quot;:&quot;&quot;},&quot;next&quot;:{&quot;translateX&quot;:&quot;100%&quot;,&quot;translateY&quot;:&quot;0px&quot;,&quot;translateZ&quot;:&quot;0px&quot;,&quot;rotateX&quot;:0,&quot;rotateY&quot;:0,&quot;rotateZ&quot;:0,&quot;opacity&quot;:1,&quot;shadow&quot;:false,&quot;scale&quot;:1,&quot;origin&quot;:&quot;&quot;}}\"><div class=\"swiper\"><div class=\"swiper-wrapper\">\n<div class=\"swiper-slide\"><div class=\"wp-block-greenshift-blocks-swipe swiper-slide-inner gspb_sliderinner-id-gsbp-5cc54d3\"><div class=\"slider-content-zone\">\n<div class=\"wp-block-greenshift-blocks-container gspb_container gspb_container-gsbp-22d45e0\" id=\"gspb_container-id-gsbp-22d45e0\"><div class=\"gspb_backgroundOverlay\"><\/div>\n<div class=\"wp-block-greenshift-blocks-container gspb_container gspb_container-gsbp-d8df700\" id=\"gspb_container-id-gsbp-d8df700\">\n<div id=\"gspb_text-id-gsbp-c755e84\" class=\"gspb_text gspb_text-id-gsbp-c755e84 \">TRATTAMENTO DELLE VENE VARICOSE<\/div>\n\n\n\n<h1 id=\"gspb_heading-id-gsbp-d51bfde\" class=\"gspb_heading gspb_heading-id-gsbp-d51bfde \">Miniflebectom\u00eda<\/h1>\n\n\n\n<div class=\"wp-block-greenshift-blocks-container gspb_container gspb_container-gsbp-4d56052\" id=\"gspb_container-id-gsbp-4d56052\">\n<div class=\"wp-block-greenshift-blocks-container gspb_container gspb_container-gsbp-c7db708\" id=\"gspb_container-id-gsbp-c7db708\">\n<div class=\"wp-block-greenshift-blocks-image gspb_image gspb_image-id-gsbp-59fd2a0\" id=\"gspb_image-id-gsbp-59fd2a0\"><img decoding=\"async\" src=\"https:\/\/uniqsmile.com.tr\/wp-content\/uploads\/2024\/01\/home-avatar-2.webp\" data-src=\"\" alt=\"\" loading=\"lazy\" width=\"40\" height=\"120\" title=\"\"><\/div>\n\n\n\n<div class=\"wp-block-greenshift-blocks-image gspb_image gspb_image-id-gsbp-d250dd9\" id=\"gspb_image-id-gsbp-d250dd9\"><img decoding=\"async\" src=\"https:\/\/uniqsmile.com.tr\/wp-content\/uploads\/2024\/01\/home-avatar-3.webp\" data-src=\"\" alt=\"\" loading=\"lazy\" width=\"40\" height=\"120\" title=\"\"><\/div>\n<\/div>\n\n\n\n<div id=\"gspb_text-id-gsbp-6a7944c\" class=\"gspb_text gspb_text-id-gsbp-6a7944c \">1K+ Mujeres Felices<\/div>\n<\/div>\n<\/div>\n<\/div>\n\n\n\n<div class=\"wp-block-greenshift-blocks-video gs-video video gspb_video-id-gsbp-1bb62a6\" id=\"gs-video-gsbp-1bb62a6\"><div class=\"gs-video-wrapper\"><div class=\"gs-video-element\" data-src=\"https:\/\/drzuhaldurmaz.com\/wp-content\/uploads\/2025\/05\/0_Massage_Leg-Massage_3840x2160-2-2.mp4\" data-autoplay=\"true\" data-playsinline=\"true\" data-controls=\"false\" data-loop=\"true\" data-mute=\"true\" data-poster=\"\" data-provider=\"video\" data-overlay=\"false\" data-lightbox=\"false\"><\/div><\/div><\/div>\n<\/div><\/div><\/div>\n\n\n\n<div class=\"swiper-slide\"><div class=\"wp-block-greenshift-blocks-swipe swiper-slide-inner gspb_sliderinner-id-gsbp-301bf23\"><div class=\"slider-content-zone\">\n<p class=\"has-text-align-center has-medium-font-size\"><\/p>\n<\/div><\/div><\/div>\n<\/div><\/div><div class=\"swiper-pagination\"><\/div><div class=\"swiper-button-prev\"><\/div><div class=\"swiper-button-next\"><\/div><div class=\"swiper-scrollbar\"><\/div><\/div><\/div>\n\n\n\n<p>La miniflebectom\u00eda es un procedimiento utilizado para eliminar v\u00e1rices de m\u00e1s de 4 mm de grosor (a menudo denominadas abultamientos venosos) que son visibles en la superficie de la piel. Bajo anestesia local, las venas afectadas se eliminan a trav\u00e9s de diminutas incisiones en la piel, generalmente sin necesidad de suturas. Los pacientes normalmente pueden retomar sus rutinas diarias inmediatamente despu\u00e9s del procedimiento.<\/p>\n\n\n\n<p>Esta t\u00e9cnica es especialmente adecuada para venas que son prominentes, tortuosas y no ideales para tratamientos con l\u00e1ser o escleroterapia. Realizada bajo anestesia local, la miniflebectom\u00eda proporciona excelentes resultados cosm\u00e9ticos debido a las m\u00ednimas incisiones utilizadas.<\/p>\n\n\n\n<h2 class=\"wp-block-heading\" id=\"como-se-realiza-la-miniflebectomia\">\u00bfC\u00f3mo se Realiza la Miniflebectom\u00eda?<\/h2>\n\n\n\n<h3 class=\"wp-block-heading\" id=\"preparacion-y-marcado\">Preparaci\u00f3n y Marcado<\/h3>\n\n\n\n<p>Mientras el paciente est\u00e1 de pie, se identifican y marcan las v\u00e1rices en la piel.<\/p>\n\n\n\n<h3 class=\"wp-block-heading\" id=\"anestesia-local\">Anestesia Local<\/h3>\n\n\n\n<p>Solo se adormece el \u00e1rea espec\u00edfica, permitiendo que el paciente permanezca despierto y c\u00f3modo durante el procedimiento.<\/p>\n\n\n\n<h3 class=\"wp-block-heading\" id=\"mini-incisiones\">Mini Incisiones<\/h3>\n\n\n\n<p>Se realizan incisiones de 1\u20132 mm en la piel.<\/p>\n\n\n\n<h3 class=\"wp-block-heading\" id=\"extraccion-de-venas\">Extracci\u00f3n de Venas<\/h3>\n\n\n\n<p>Se utilizan herramientas microquir\u00fargicas especiales para extraer las venas a trav\u00e9s de las peque\u00f1as aberturas.<\/p>\n\n\n\n<h3 class=\"wp-block-heading\" id=\"cierre-y-vendaje\">Cierre y Vendaje<\/h3>\n\n\n\n<p>Generalmente no se requieren suturas. El \u00e1rea se cubre con tiras est\u00e9riles y se aplica un vendaje de compresi\u00f3n.<\/p>\n\n\n\n<p>La duraci\u00f3n del procedimiento var\u00eda entre 30 y 90 minutos, dependiendo del n\u00famero y tama\u00f1o de las venas que se eliminen.<\/p>\n\n\n\n<h2 class=\"wp-block-heading\" id=\"quien-es-candidato-para-la-miniflebectomia\">\u00bfQui\u00e9n es Candidato para la Miniflebectom\u00eda?<\/h2>\n\n\n\n<p>Este tratamiento se recomienda para personas que tienen:<\/p>\n\n\n\n<ul class=\"wp-block-list\">\n<li>V\u00e1rices grandes y abultadas visibles bajo la piel.<\/li>\n\n\n\n<li>Venas que no son adecuadas para l\u00e1ser o escleroterapia.<\/li>\n\n\n\n<li>Preocupaciones est\u00e9ticas relacionadas con sus v\u00e1rices.<\/li>\n<\/ul>\n\n\n\n<p>Sin embargo, la miniflebectom\u00eda no se recomienda en los siguientes casos:<\/p>\n\n\n\n<ul class=\"wp-block-list\">\n<li>Durante el embarazo o la lactancia.<\/li>\n\n\n\n<li>Trombosis venosa profunda (TVP) activa.<\/li>\n\n\n\n<li>Infecciones en curso.<\/li>\n\n\n\n<li>Ciertas condiciones card\u00edacas o vasculares.<\/li>\n<\/ul>\n\n\n\n<h2 class=\"wp-block-heading\" id=\"recuperacion-despues-de-la-miniflebectomia\">Recuperaci\u00f3n Despu\u00e9s de la Miniflebectom\u00eda<\/h2>\n\n\n\n<h3 class=\"wp-block-heading\" id=\"caminata-inmediata\">Caminata Inmediata<\/h3>\n\n\n\n<p>La mayor\u00eda de los pacientes pueden caminar inmediatamente despu\u00e9s del procedimiento.<\/p>\n\n\n\n<h3 class=\"wp-block-heading\" id=\"medias-de-compresion\">Medias de Compresi\u00f3n<\/h3>\n\n\n\n<p>Se recomienda el uso de medias de compresi\u00f3n de grado m\u00e9dico durante un per\u00edodo espec\u00edfico, seg\u00fan lo aconseje su m\u00e9dico.<\/p>\n\n\n\n<h3 class=\"wp-block-heading\" id=\"retorno-a-las-actividades-diarias\">Retorno a las Actividades Diarias<\/h3>\n\n\n\n<p>La mayor\u00eda de las personas retoman sus rutinas normales en pocos d\u00edas.<\/p>\n\n\n\n<h3 class=\"wp-block-heading\" id=\"resultados-cosmeticos\">Resultados Cosm\u00e9ticos<\/h3>\n\n\n\n<p>Se produce una cicatrizaci\u00f3n m\u00ednima debido a las peque\u00f1as incisiones, preservando la apariencia est\u00e9tica de la piel.<\/p>\n\n\n\n<h2 class=\"wp-block-heading\" id=\"ventajas-de-la-miniflebectomia\">Ventajas de la Miniflebectom\u00eda<\/h2>\n\n\n\n<ul class=\"wp-block-list\">\n<li><strong>M\u00ednimamente Invasiva:<\/strong> Se realiza bajo anestesia local, sin necesidad de anestesia general.<\/li>\n\n\n\n<li><strong>Recuperaci\u00f3n R\u00e1pida:<\/strong> Los pacientes regresan r\u00e1pidamente a su vida diaria.<\/li>\n\n\n\n<li><strong>Excelentes Resultados Est\u00e9ticos:<\/strong> Las peque\u00f1as incisiones producen cicatrices m\u00ednimas o invisibles.<\/li>\n\n\n\n<li><strong>Alta Tasa de \u00c9xito:<\/strong> Especialmente efectiva para eliminar venas grandes y visibles.<\/li>\n\n\n\n<li><strong>Baja Recurrencia:<\/strong> Dado que las venas se eliminan por completo, la recurrencia es menos probable.<\/li>\n<\/ul>\n\n\n\n<h2 class=\"wp-block-heading\" id=\"preguntas-frecuentes\">Preguntas Frecuentes<\/h2>\n\n\n\n<p><strong>\u00bfEs dolorosa la miniflebectom\u00eda?<\/strong><\/p>\n\n\n\n<p>No. Se realiza bajo anestesia local y los pacientes generalmente no sienten dolor durante el procedimiento.<\/p>\n\n\n\n<p><strong>\u00bfCu\u00e1nto dura el tiempo de recuperaci\u00f3n?<\/strong><\/p>\n\n\n\n<p>La mayor\u00eda de los pacientes regresan a sus actividades diarias normales en pocos d\u00edas.<\/p>\n\n\n\n<p><strong>\u00bfQuedar\u00e1n cicatrices?<\/strong><\/p>\n\n\n\n<p>Solo se realizan peque\u00f1as incisiones, dejando una cicatrizaci\u00f3n m\u00ednima que generalmente se desvanece con el tiempo.<\/p>\n\n\n\n<p><strong>\u00bfEs la miniflebectom\u00eda una soluci\u00f3n permanente?<\/strong><\/p>\n\n\n\n<p>S\u00ed. Las v\u00e1rices eliminadas no regresan. Sin embargo, se recomiendan cambios en el estilo de vida y controles regulares para prevenir la formaci\u00f3n de nuevas v\u00e1rices.<\/p>\n\n\n\n<h2 class=\"wp-block-heading\" id=\"reserva-tu-cita-ahora\">Reserva Tu Cita Ahora<\/h2>\n\n\n\n<p>Ponte en contacto hoy mismo para eliminar tus preocupaciones sobre las v\u00e1rices y disfrutar de unas piernas sanas y con confianza. Nuestro equipo de expertos est\u00e1 listo para crear tu plan de tratamiento personalizado.<\/p>\n\n\n\n<p>\ud83d\udcde <strong>Tel\u00e9fono:<\/strong> 0532 492 85 49<br>\ud83d\udce7 <strong>Correo electr\u00f3nico:<\/strong> info@drzuhaldurmazgmail-com<br>\ud83d\udccd <strong>Direcci\u00f3n:<\/strong> Abdi \u0130pek\u00e7i Cad. Reasurans Han 1, Piso 7, Ni\u015fanta\u015f\u0131 \/ Istanbul<\/p>\n","protected":false},"excerpt":{"rendered":"<p>La miniflebectom\u00eda es un procedimiento utilizado para eliminar v\u00e1rices de m\u00e1s de 4 mm de grosor (a menudo denominadas abultamientos venosos) que son visibles en la superficie de la piel. Bajo anestesia local, las venas afectadas se eliminan a trav\u00e9s de diminutas incisiones en la piel, generalmente sin necesidad de suturas. Los pacientes normalmente pueden [&hellip;]<\/p>\n","protected":false},"author":1,"featured_media":615,"parent":0,"menu_order":0,"comment_status":"closed","ping_status":"closed","template":"","meta":{"_gspb_post_css":".gspb_text-id-gsbp-40d254d,.gspb_text-id-gsbp-40d254d .gsap-g-line{text-align:left!important}.gspb_text-id-gsbp-40d254d{margin-top:60px!important;margin-bottom:20px!important}.gsbp-33861f4{padding:40px}@media (max-width:575.98px){.gsbp-33861f4{padding:20px}}.gsbp-33861f4{background-color:#222d40;border-top-left-radius:18px;border-top-right-radius:18px;border-bottom-right-radius:18px;border-bottom-left-radius:18px;color:#fff;display:flex;flex-direction:column;row-gap:30px;column-gap:30px}.gsbp-33861f4 .wp-block a,.gsbp-33861f4 a{color:#fff}.gsbp-9b0c795{row-gap:20px}#gspb_button-id-gsbp-882de7a,#gspb_button-id-gsbp-8bd0b30{display:flex;justify-content:flex-start}#gspb_button-id-gsbp-8bd0b30 .gspb-buttonbox-text,.gsbp-9b0c795{display:flex;flex-direction:column}#gspb_button-id-gsbp-8bd0b30>.gspb-buttonbox{box-sizing:border-box;background-color:#ffffff00;width:100%;text-align:center!important;color:#fff;border-style:solid;border-width:2px;border-color:#fff;transition:all .5s cubic-bezier(.42,0,.58,1)}#gspb_button-id-gsbp-8bd0b30>.gspb-buttonbox .gsap-g-line{text-align:center!important}#gspb_button-id-gsbp-8bd0b30>.gspb-buttonbox,#gspb_button-id-gsbp-8bd0b30>.gspb-buttonbox>.gspb_backgroundOverlay{border-top-left-radius:10px;border-top-right-radius:10px;border-bottom-right-radius:10px;border-bottom-left-radius:10px}#gspb_button-id-gsbp-8bd0b30>.gspb-buttonbox .gspb-buttonbox-icon svg,#gspb_button-id-gsbp-8bd0b30>.gspb-buttonbox .gspb-buttonbox-icon svg path{transition:all .5s cubic-bezier(.42,0,.58,1)}#gspb_button-id-gsbp-882de7a .gspb-buttonbox-text,.gsbp-f04e91d{display:flex;flex-direction:column}#gspb_button-id-gsbp-882de7a>.gspb-buttonbox{box-sizing:border-box;width:100%;text-align:center!important}#gspb_button-id-gsbp-882de7a>.gspb-buttonbox .gsap-g-line{text-align:center!important}#gspb_button-id-gsbp-882de7a>.gspb-buttonbox,#gspb_button-id-gsbp-882de7a>.gspb-buttonbox>.gspb_backgroundOverlay{border-top-left-radius:15px;border-top-right-radius:15px;border-bottom-right-radius:15px;border-bottom-left-radius:15px}#gspb_button-id-gsbp-882de7a>.gspb-buttonbox,#gspb_button-id-gsbp-882de7a>.gspb-buttonbox .gspb-buttonbox-icon svg,#gspb_button-id-gsbp-882de7a>.gspb-buttonbox .gspb-buttonbox-icon svg path{transition:all .5s cubic-bezier(.42,0,.58,1)}.gsbp-f04e91d{row-gap:10px}.gsbp-ead3a57{display:flex;justify-content:flex-start;align-items:center;row-gap:15px;column-gap:15px}.gsbp-5f37b62{display:flex;flex-direction:row}.gsbp-96d3baf,.gsbp-a555ac9{margin-left:-10px;border-top-left-radius:103px;border-top-right-radius:103px;border-bottom-right-radius:103px;border-bottom-left-radius:103px;border-style:solid;border-width:3px;border-color:#fff;width:42px;height:42px}.gsbp-87fbb04{font-size:14px;line-height:20px;font-weight:700!important}.gspb_bar-id-gsbp-8a22566 .star-rating{font-size:16px;line-height:16px;position:relative;letter-spacing:0;display:inline-block;font-family:initial}.gspb_bar-id-gsbp-8a22566{line-height:16px}.gspb_bar-id-gsbp-8a22566 .star-rating::before{color:#97a9c0;content:\"\u2605\u2605\u2605\u2605\u2605\"}.gspb_bar-id-gsbp-8a22566 .star-rating span{position:absolute;top:0;left:0;right:0;overflow:hidden;white-space:nowrap}.gspb_bar-id-gsbp-8a22566 .star-rating span::before{color:#ff9300;content:\"\u2605\u2605\u2605\u2605\u2605\"}","footnotes":""},"class_list":["post-907","page","type-page","status-publish","has-post-thumbnail","hentry"],"blocksy_meta":{"page_structure_type":"type-3","has_hero_section":"disabled","styles_descriptor":{"styles":{"desktop":"","tablet":"","mobile":""},"google_fonts":[],"version":6},"vertical_spacing_source":"custom","content_area_spacing":"bottom"},"_links":{"self":[{"href":"https:\/\/drzuhaldurmaz.com\/es\/wp-json\/wp\/v2\/pages\/907","targetHints":{"allow":["GET"]}}],"collection":[{"href":"https:\/\/drzuhaldurmaz.com\/es\/wp-json\/wp\/v2\/pages"}],"about":[{"href":"https:\/\/drzuhaldurmaz.com\/es\/wp-json\/wp\/v2\/types\/page"}],"author":[{"embeddable":true,"href":"https:\/\/drzuhaldurmaz.com\/es\/wp-json\/wp\/v2\/users\/1"}],"replies":[{"embeddable":true,"href":"https:\/\/drzuhaldurmaz.com\/es\/wp-json\/wp\/v2\/comments?post=907"}],"version-history":[{"count":4,"href":"https:\/\/drzuhaldurmaz.com\/es\/wp-json\/wp\/v2\/pages\/907\/revisions"}],"predecessor-version":[{"id":1102,"href":"https:\/\/drzuhaldurmaz.com\/es\/wp-json\/wp\/v2\/pages\/907\/revisions\/1102"}],"wp:featuredmedia":[{"embeddable":true,"href":"https:\/\/drzuhaldurmaz.com\/es\/wp-json\/wp\/v2\/media\/615"}],"wp:attachment":[{"href":"https:\/\/drzuhaldurmaz.com\/es\/wp-json\/wp\/v2\/media?parent=907"}],"curies":[{"name":"wp","href":"https:\/\/api.w.org\/{rel}","templated":true}]}}