{"id":677,"date":"2025-05-03T17:17:48","date_gmt":"2025-05-03T17:17:48","guid":{"rendered":"https:\/\/drzuhaldurmaz.com\/lazer-radyofrekans-ile-ameliyatsiz-varis-tedavisi\/"},"modified":"2025-06-02T10:46:21","modified_gmt":"2025-06-02T10:46:21","slug":"lazer-radyofrekans-ile-ameliyatsiz-varis-tedavisi","status":"publish","type":"page","link":"https:\/\/drzuhaldurmaz.com\/en\/lazer-radyofrekans-ile-ameliyatsiz-varis-tedavisi\/","title":{"rendered":"Non-Surgical Varicose Vein Treatment with Laser\/Radiofrequency"},"content":{"rendered":"\n\n\n<div class=\"wp-block-greenshift-blocks-swiper alignfull gs-swiper gspb_slider-id-gsbp-62b6676\" style=\"position:relative\"><div class=\"gs-swiper-init\" data-slidesperview=\"1\" data-spacebetween=\"10\" data-spacebetweenmd=\"10\" data-spacebetweensm=\"10\" data-spacebetweenxs=\"10\" data-speed=\"700\" data-loop=\"false\" data-vertical=\"false\" data-verticalheight=\"500px\" data-autoheight=\"false\" data-grabcursor=\"false\" data-freemode=\"false\" data-centered=\"false\" data-autoplay=\"false\" data-autodelay=\"4000\" data-effect=\"creative\" data-coverflowshadow=\"false\" data-customparams=\"{&quot;prev&quot;:{&quot;translateX&quot;:&quot;0px&quot;,&quot;translateY&quot;:&quot;0px&quot;,&quot;translateZ&quot;:&quot;0px&quot;,&quot;rotateX&quot;:0,&quot;rotateY&quot;:0,&quot;rotateZ&quot;:0,&quot;opacity&quot;:1,&quot;shadow&quot;:false,&quot;scale&quot;:1,&quot;origin&quot;:&quot;&quot;},&quot;next&quot;:{&quot;translateX&quot;:&quot;100%&quot;,&quot;translateY&quot;:&quot;0px&quot;,&quot;translateZ&quot;:&quot;0px&quot;,&quot;rotateX&quot;:0,&quot;rotateY&quot;:0,&quot;rotateZ&quot;:0,&quot;opacity&quot;:1,&quot;shadow&quot;:false,&quot;scale&quot;:1,&quot;origin&quot;:&quot;&quot;}}\"><div class=\"swiper\"><div class=\"swiper-wrapper\">\n<div class=\"swiper-slide\"><div class=\"wp-block-greenshift-blocks-swipe swiper-slide-inner gspb_sliderinner-id-gsbp-5cc54d3\"><div class=\"slider-content-zone\">\n<div class=\"wp-block-greenshift-blocks-container gspb_container gspb_container-gsbp-22d45e0\" id=\"gspb_container-id-gsbp-22d45e0\"><div class=\"gspb_backgroundOverlay\"><\/div>\n<div class=\"wp-block-greenshift-blocks-container gspb_container gspb_container-gsbp-d8df700\" id=\"gspb_container-id-gsbp-d8df700\">\n<div id=\"gspb_text-id-gsbp-c755e84\" class=\"gspb_text gspb_text-id-gsbp-c755e84 \">VARICOSE VEIN TREATMENT<\/div>\n\n\n\n<h1 id=\"gspb_heading-id-gsbp-d51bfde\" class=\"gspb_heading gspb_heading-id-gsbp-d51bfde \">Non-Surgical Varicose Vein Treatment with Laser\/Radiofrequency<\/h1>\n\n\n\n<div class=\"wp-block-greenshift-blocks-container gspb_container gspb_container-gsbp-4d56052\" id=\"gspb_container-id-gsbp-4d56052\">\n<div class=\"wp-block-greenshift-blocks-container gspb_container gspb_container-gsbp-c7db708\" id=\"gspb_container-id-gsbp-c7db708\">\n<div class=\"wp-block-greenshift-blocks-image gspb_image gspb_image-id-gsbp-59fd2a0\" id=\"gspb_image-id-gsbp-59fd2a0\"><img decoding=\"async\" src=\"https:\/\/uniqsmile.com.tr\/wp-content\/uploads\/2024\/01\/home-avatar-2.webp\" data-src=\"\" alt=\"\" loading=\"lazy\" width=\"40\" height=\"120\" title=\"\"><\/div>\n\n\n\n<div class=\"wp-block-greenshift-blocks-image gspb_image gspb_image-id-gsbp-d250dd9\" id=\"gspb_image-id-gsbp-d250dd9\"><img decoding=\"async\" src=\"https:\/\/uniqsmile.com.tr\/wp-content\/uploads\/2024\/01\/home-avatar-3.webp\" data-src=\"\" alt=\"\" loading=\"lazy\" width=\"40\" height=\"120\" title=\"\"><\/div>\n<\/div>\n\n\n\n<div id=\"gspb_text-id-gsbp-6a7944c\" class=\"gspb_text gspb_text-id-gsbp-6a7944c \">1K+ HAPPY WOMEN<\/div>\n<\/div>\n<\/div>\n<\/div>\n\n\n\n<div class=\"wp-block-greenshift-blocks-video gs-video video gspb_video-id-gsbp-1bb62a6\" id=\"gs-video-gsbp-1bb62a6\"><div class=\"gs-video-wrapper\" itemscope><div class=\"gs-video-element\" data-src=\"https:\/\/drzuhaldurmaz.com\/wp-content\/uploads\/2025\/05\/0_Massage_Leg-Massage_3840x2160-2-2.mp4\" data-autoplay=\"true\" data-playsinline=\"true\" data-controls=\"false\" data-loop=\"true\" data-mute=\"true\" data-poster=\"\" data-provider=\"video\" data-overlay=\"false\" data-lightbox=\"false\"><\/div><\/div><\/div>\n<\/div><\/div><\/div>\n\n\n\n<div class=\"swiper-slide\"><div class=\"wp-block-greenshift-blocks-swipe swiper-slide-inner gspb_sliderinner-id-gsbp-301bf23\"><div class=\"slider-content-zone\">\n<p class=\"has-text-align-center has-medium-font-size\"><\/p>\n<\/div><\/div><\/div>\n<\/div><\/div><div class=\"swiper-pagination\"><\/div><div class=\"swiper-button-prev\"><\/div><div class=\"swiper-button-next\"><\/div><div class=\"swiper-scrollbar\"><\/div><\/div><\/div>\n\n\n\n<h2 class=\"wp-block-heading\" id=\"what-are-varicose-veins\">What Are Varicose Veins?<\/h2>\n\n\n\n<p>Varicose veins are a vascular condition that usually appears in the legs, caused by the enlargement and twisting of the veins. In addition to aesthetic concerns, they can also lead to symptoms such as pain, swelling, cramps, and fatigue. Thanks to advancements in medical technology, effective solutions are now available for treating varicose veins without the need for surgical intervention.<\/p>\n\n\n\n<h2 class=\"wp-block-heading\" id=\"non-surgical-varicose-vein-treatment-methods\">Non-Surgical Varicose Vein Treatment Methods<\/h2>\n\n\n\n<h3 class=\"wp-block-heading\" id=\"1-endovenous-laser-ablation-evla\">1. Endovenous Laser Ablation (EVLA)<\/h3>\n\n\n\n<p>EVLA involves applying high heat to the inside of the affected vein using a thin laser fiber, effectively sealing it shut. During this procedure:<\/p>\n\n\n\n<ul class=\"wp-block-list\">\n<li>The target vein is located using ultrasound guidance.<\/li>\n\n\n\n<li>Local anesthesia is administered.<\/li>\n\n\n\n<li>The laser fiber is inserted into the vein, and energy is applied to close it.<\/li>\n<\/ul>\n\n\n\n<p>Patients can walk immediately after the procedure and are typically discharged the same day. EVLA offers a success rate of 97\u201399%, minimal discomfort, and a fast recovery period.<\/p>\n\n\n\n<h3 class=\"wp-block-heading\" id=\"2-radiofrequency-ablation-rfa\">2. Radiofrequency Ablation (RFA)<\/h3>\n\n\n\n<p>RFA uses radiofrequency waves delivered through a catheter placed inside the affected vein to generate heat and seal the vein. In this method:<\/p>\n\n\n\n<ul class=\"wp-block-list\">\n<li>The target vein is located using ultrasound guidance.<\/li>\n\n\n\n<li>Local anesthesia is administered.<\/li>\n\n\n\n<li>A radiofrequency catheter is inserted into the vein, and energy is applied to close it.<\/li>\n<\/ul>\n\n\n\n<p>RFA is particularly effective for treating larger and deeper varicose veins. Most patients can resume their normal activities the same day.<\/p>\n\n\n\n<h2 class=\"wp-block-heading\" id=\"comparison-of-laser-and-radiofrequency-methods\">Comparison of Laser and Radiofrequency Methods<\/h2>\n\n\n\n<figure class=\"wp-block-table\"><table class=\"has-fixed-layout\"><thead><tr><th>Feature<\/th><th>Laser Ablation (EVLA)<\/th><th>Radiofrequency Ablation (RFA)<\/th><\/tr><\/thead><tbody><tr><td>Energy Type<\/td><td>Laser light<\/td><td>Radio waves<\/td><\/tr><tr><td>Procedure Duration<\/td><td>Approximately 30\u201360 minutes<\/td><td>Approximately 45\u201360 minutes<\/td><\/tr><tr><td>Recovery Time<\/td><td>1\u20132 days<\/td><td>1\u20132 days<\/td><\/tr><tr><td>Success Rate<\/td><td>97\u201399%<\/td><td>95\u201398%<\/td><\/tr><tr><td>Best Suited For<\/td><td>Medium and large varicose veins<\/td><td>Large and deep varicose veins<\/td><\/tr><tr><td>Risk of Side Effects<\/td><td>Minimal<\/td><td>Minimal<\/td><\/tr><\/tbody><\/table><\/figure>\n\n\n\n<p><em>Both methods are minimally invasive and significantly improve quality of life. The best option depends on the patient\u2019s vein structure and the doctor\u2019s evaluation.<\/em><\/p>\n\n\n\n<hr class=\"wp-block-separator has-alpha-channel-opacity\"\/>\n\n\n\n<h3 class=\"wp-block-heading\" id=\"neden-bizi-tercih-etmelisiniz\">Why Choose Us?<\/h3>\n\n\n\n<ul class=\"wp-block-list\">\n<li><strong>Expert Team:<\/strong> Our experienced cardiovascular surgeons are here to serve you.<\/li>\n\n\n\n<li><strong>Advanced Technology:<\/strong> We use modern medical equipment to provide safe and effective treatment.<\/li>\n\n\n\n<li><strong>Personalized Treatment Plan:<\/strong> Individualized care tailored to each patient\u2019s needs.<\/li>\n\n\n\n<li><strong>Quick Recovery:<\/strong> Resume your daily life shortly after non-surgical procedures.<\/li>\n<\/ul>\n\n\n\n<h2 class=\"wp-block-heading\" id=\"frequently-asked-questions\">Frequently Asked Questions<\/h2>\n\n\n\n<h6 class=\"wp-block-heading\" id=\"how-soon-can-i-return-to-my-normal-activities-after-the-treatment\">How soon can I return to my normal activities after the treatment?<\/h6>\n\n\n\n<p>With both methods, patients are usually discharged the same day and can return to normal activities within 1\u20132 days.<\/p>\n\n\n\n<h6 class=\"wp-block-heading\" id=\"will-i-feel-any-pain-during-the-procedure\">Will I feel any pain during the procedure?<\/h6>\n\n\n\n<p>Thanks to local anesthesia, pain during the procedure is minimal. Some mild discomfort may be felt afterward, but it is usually short-lived.<\/p>\n\n\n\n<h6 class=\"wp-block-heading\" id=\"will-my-varicose-veins-disappear-completely\">Will my varicose veins disappear completely?<\/h6>\n\n\n\n<p>The treated veins are closed and eventually absorbed by the body. However, to prevent new varicose veins, lifestyle changes and regular check-ups are recommended.<\/p>\n\n\n\n<h6 class=\"wp-block-heading\" id=\"book-your-appointment-now\">Book Your Appointment Now<\/h6>\n\n\n\n<p>Contact us today to get rid of varicose vein problems and achieve healthier legs. Our expert team is ready to determine the most suitable treatment option for you.<\/p>\n\n\n\n<p>\ud83d\udcde Phone: <a href=\"tel:05324928549\">0532 492 85 49<\/a><br>\ud83d\udce7 Email: <a href=\"mailto:info@drzuhaldurmaz.com\">info@drzuhaldurmaz.com<\/a><br>\ud83d\udccd Address: Abdi \u0130pek\u00e7i Cad. Reasurans Han 1, Floor 7, Ni\u015fanta\u015f\u0131 \/ Istanbul<\/p>\n","protected":false},"excerpt":{"rendered":"<p>What Are Varicose Veins? Varicose veins are a vascular condition that usually appears in the legs, caused by the enlargement and twisting of the veins. In addition to aesthetic concerns, they can also lead to symptoms such as pain, swelling, cramps, and fatigue. Thanks to advancements in medical technology, effective solutions are now available for [&hellip;]<\/p>\n","protected":false},"author":1,"featured_media":612,"parent":0,"menu_order":0,"comment_status":"closed","ping_status":"closed","template":"","meta":{"_gspb_post_css":":root{--swiper-theme-color:#007aff}.swiper,swiper-container{margin-left:auto;margin-right:auto;position:relative;overflow:hidden;list-style:none;padding:0;z-index:1;display:block}.swiper-vertical>.swiper-wrapper{flex-direction:column}.swiper-wrapper{position:relative;width:100%;height:100%;z-index:1;display:flex;transition-property:transform;box-sizing:content-box}.swiper-android .swiper-slide,.swiper-wrapper{transform:translate3d(0,0,0)}.swiper-horizontal{touch-action:pan-y}.swiper-vertical{touch-action:pan-x}.swiper .swiper-slide,swiper-slide{flex-shrink:0;width:100%;height:100%;position:relative;transition-property:transform;display:block}.swiper-slide-invisible-blank{visibility:hidden}.swiper-autoheight,.swiper-autoheight .swiper-slide{height:auto}.swiper-autoheight .swiper-wrapper{align-items:flex-start;transition-property:transform,height}.swiper-backface-hidden .swiper-slide{transform:translateZ(0);-webkit-backface-visibility:hidden;backface-visibility:hidden}.swiper-3d,.swiper-3d.swiper-css-mode .swiper-wrapper{perspective:1200px}.swiper-3d .swiper-cube-shadow,.swiper-3d .swiper-slide,.swiper-3d .swiper-slide-shadow,.swiper-3d .swiper-slide-shadow-bottom,.swiper-3d .swiper-slide-shadow-left,.swiper-3d .swiper-slide-shadow-right,.swiper-3d .swiper-slide-shadow-top,.swiper-3d .swiper-wrapper{transform-style:preserve-3d}.swiper-3d .swiper-slide-shadow,.swiper-3d .swiper-slide-shadow-bottom,.swiper-3d .swiper-slide-shadow-left,.swiper-3d .swiper-slide-shadow-right,.swiper-3d .swiper-slide-shadow-top{position:absolute;left:0;top:0;width:100%;height:100%;pointer-events:none;z-index:10}.swiper-css-mode>.swiper-wrapper{overflow:auto;scrollbar-width:none;-ms-overflow-style:none}.swiper-css-mode>.swiper-wrapper::-webkit-scrollbar{display:none}.swiper-css-mode>.swiper-wrapper>.swiper-slide{scroll-snap-align:start start}.swiper-horizontal.swiper-css-mode>.swiper-wrapper{scroll-snap-type:x mandatory}.swiper-vertical.swiper-css-mode>.swiper-wrapper{scroll-snap-type:y mandatory}.swiper-centered>.swiper-wrapper::before{content:'';flex-shrink:0;order:9999}.swiper-centered>.swiper-wrapper>.swiper-slide{scroll-snap-align:center center;scroll-snap-stop:always}.swiper-centered.swiper-horizontal>.swiper-wrapper>.swiper-slide:first-child{margin-inline-start:var(--swiper-centered-offset-before)}.swiper-centered.swiper-horizontal>.swiper-wrapper::before{height:100%;min-height:1px;width:var(--swiper-centered-offset-after)}.swiper-centered.swiper-vertical>.swiper-wrapper>.swiper-slide:first-child{margin-block-start:var(--swiper-centered-offset-before)}.swiper-centered.swiper-vertical>.swiper-wrapper::before{width:100%;min-width:1px;height:var(--swiper-centered-offset-after)}.swiper-virtual .swiper-slide{-webkit-backface-visibility:hidden;transform:translateZ(0)}.swiper-virtual.swiper-css-mode .swiper-wrapper::after{content:'';position:absolute;left:0;top:0;pointer-events:none}.swiper-virtual.swiper-css-mode.swiper-horizontal .swiper-wrapper::after{height:1px;width:var(--swiper-virtual-size)}.swiper-virtual.swiper-css-mode.swiper-vertical .swiper-wrapper::after{width:1px;height:var(--swiper-virtual-size)}:root{--swiper-navigation-size:44px}.swiper-button-next,.swiper-button-prev{position:absolute;top:50%;width:calc(var(--swiper-navigation-size)\/44*27);height:var(--swiper-navigation-size);margin-top:calc(0px - (var(--swiper-navigation-size)\/2));z-index:10;cursor:pointer;display:flex;align-items:center;justify-content:center;color:var(--swiper-navigation-color,var(--swiper-theme-color))}.swiper-button-next.swiper-button-disabled,.swiper-button-prev.swiper-button-disabled{opacity:.35;cursor:auto;pointer-events:none}.swiper-button-next.swiper-button-hidden,.swiper-button-prev.swiper-button-hidden{opacity:0;cursor:auto;pointer-events:none}.swiper-navigation-disabled .swiper-button-next,.swiper-navigation-disabled .swiper-button-prev{display:none!important}.swiper-button-next:after,.swiper-button-prev:after{font-size:var(--swiper-navigation-size);text-transform:none!important;letter-spacing:0;font-variant:initial;line-height:1}.swiper-button-prev,.swiper-rtl .swiper-button-next{left:var(--swiper-navigation-sides-offset,10px);right:auto}.swiper-button-prev:after,.swiper-rtl .swiper-button-next:after{content:'\u276e'}.swiper-button-next,.swiper-rtl .swiper-button-prev{right:var(--swiper-navigation-sides-offset,10px);left:auto}.swiper-button-next:after,.swiper-rtl .swiper-button-prev:after{content:'\u276f'}.swiper-button-lock{display:none}.swiper-pagination{position:absolute;text-align:center;transition:.3s opacity;transform:translate3d(0,0,0);z-index:10}.swiper-pagination.swiper-pagination-hidden{opacity:0}.swiper-pagination-disabled>.swiper-pagination,.swiper-pagination.swiper-pagination-disabled{display:none!important}.swiper-horizontal>.swiper-pagination-bullets,.swiper-pagination-bullets.swiper-pagination-horizontal,.swiper-pagination-custom,.swiper-pagination-fraction{bottom:var(--swiper-pagination-bottom,10px);left:0;width:100%;line-height:0}.swiper-pagination-bullet{width:var(--swiper-pagination-bullet-width,var(--swiper-pagination-bullet-size,8px));height:var(--swiper-pagination-bullet-height,var(--swiper-pagination-bullet-size,8px));display:inline-block;border-radius:var(--swiper-pagination-bullet-border-radius,50%);background:var(--swiper-pagination-bullet-inactive-color,#000);opacity:var(--swiper-pagination-bullet-inactive-opacity,.2)}button.swiper-pagination-bullet{border:0;margin:0;padding:0;box-shadow:none;-webkit-appearance:none;appearance:none}.swiper-pagination-clickable .swiper-pagination-bullet{cursor:pointer}.swiper-pagination-bullet:only-child{display:none!important}.swiper-pagination-bullet-active{opacity:var(--swiper-pagination-bullet-opacity,1);background:var(--swiper-pagination-color,var(--swiper-theme-color))}.swiper-pagination-vertical.swiper-pagination-bullets,.swiper-vertical>.swiper-pagination-bullets{right:var(--swiper-pagination-right,10px);left:var(--swiper-pagination-left,auto);top:50%;transform:translate3d(0,-50%,0)}.swiper-pagination-vertical.swiper-pagination-bullets .swiper-pagination-bullet,.swiper-vertical>.swiper-pagination-bullets .swiper-pagination-bullet{margin:var(--swiper-pagination-bullet-vertical-gap,6px) 0;display:block}.swiper-horizontal>.swiper-pagination-bullets .swiper-pagination-bullet,.swiper-pagination-horizontal.swiper-pagination-bullets .swiper-pagination-bullet{margin:0 var(--swiper-pagination-bullet-horizontal-gap,4px)}.swiper-pagination-fraction{color:var(--swiper-pagination-fraction-color,inherit)}.swiper-pagination-lock{display:none}.swiper-scrollbar,.swiper-scrollbar-drag{position:relative;border-radius:var(--swiper-scrollbar-border-radius,10px)}.swiper-scrollbar{-ms-touch-action:none;background:var(--swiper-scrollbar-bg-color,rgba(0,0,0,.1))}.swiper-scrollbar-disabled>.swiper-scrollbar,.swiper-scrollbar.swiper-scrollbar-disabled{display:none!important}.swiper-horizontal>.swiper-scrollbar,.swiper-scrollbar.swiper-scrollbar-horizontal{position:absolute;left:var(--swiper-scrollbar-sides-offset,1%);bottom:var(--swiper-scrollbar-bottom,4px);top:var(--swiper-scrollbar-top,auto);z-index:50;height:var(--swiper-scrollbar-size,4px);width:calc(100% - 2*var(--swiper-scrollbar-sides-offset,1%))}.swiper-scrollbar.swiper-scrollbar-vertical,.swiper-vertical>.swiper-scrollbar{position:absolute;left:var(--swiper-scrollbar-left,auto);right:var(--swiper-scrollbar-right,4px);top:var(--swiper-scrollbar-sides-offset,1%);z-index:50;width:var(--swiper-scrollbar-size,4px);height:calc(100% - 2*var(--swiper-scrollbar-sides-offset,1%))}.swiper-scrollbar-drag{height:100%;width:100%;background:var(--swiper-scrollbar-drag-bg-color,rgba(0,0,0,.5));left:0;top:0}.swiper-scrollbar-cursor-drag{cursor:move}.swiper-scrollbar-lock{display:none}.swiper-zoom-container{width:100%;height:100%;display:flex;justify-content:center;align-items:center;text-align:center}.swiper-zoom-container>canvas,.swiper-zoom-container>img,.swiper-zoom-container>svg{max-width:100%;max-height:100%;object-fit:contain}.swiper-slide-zoomed{cursor:move;touch-action:none}.swiper .swiper-notification,swiper-container .swiper-notification{position:absolute;left:0;top:0;pointer-events:none;opacity:0;z-index:-1000}.swiper-free-mode>.swiper-wrapper{transition-timing-function:ease-out;margin:0 auto}.swiper-cards .swiper-slide,.swiper-creative .swiper-slide{-webkit-backface-visibility:hidden;backface-visibility:hidden;overflow:hidden}.swiper-creative .swiper-slide{transition-property:transform,opacity,height}.swiper-cards{overflow:visible}.swiper-cards .swiper-slide{transform-origin:center bottom}.gspb_slider-id-gsbp-62b6676 .swiper-slide-inner{min-height:160%;justify-content:center}.gspb_slider-id-gsbp-62b6676 .swiper-button-next,.gspb_slider-id-gsbp-62b6676 .swiper-button-prev{top:50%}@media (max-width:575.98px){.gspb_slider-id-gsbp-62b6676 .swiper-button-next,.gspb_slider-id-gsbp-62b6676 .swiper-button-prev{top:50%}}.gspb_slider-id-gsbp-62b6676 .swiper-button-prev{left:10px}@media (max-width:575.98px){.gspb_slider-id-gsbp-62b6676 .swiper-button-prev{left:3px}}.gspb_slider-id-gsbp-62b6676 .swiper-button-next{right:10px}@media (max-width:575.98px){.gspb_slider-id-gsbp-62b6676 .swiper-button-next{right:3px}}.gspb_slider-id-gsbp-62b6676 .swiper-slide-inner{align-items:center}.gspb_slider-id-gsbp-62b6676 .swiper-button-next,.gspb_slider-id-gsbp-62b6676 .swiper-button-prev{width:70px;height:70px;line-height:70px}@media (max-width:575.98px){.gspb_slider-id-gsbp-62b6676 .swiper-button-next,.gspb_slider-id-gsbp-62b6676 .swiper-button-prev{width:36px;height:36px;line-height:36px}}.gspb_slider-id-gsbp-62b6676 .swiper-button-next:after,.gspb_slider-id-gsbp-62b6676 .swiper-button-prev:after{font-size:30px}@media (max-width:575.98px){.gspb_slider-id-gsbp-62b6676 .swiper-button-next:after,.gspb_slider-id-gsbp-62b6676 .swiper-button-prev:after{font-size:20px}}.gspb_slider-id-gsbp-62b6676 .gspb-sliderlink{position:absolute;top:0;left:0;right:0;bottom:0;z-index:3}#gspb_container-id-gsbp-22d45e0.gspb_container,.gspb_slider-id-gsbp-62b6676 .swiper-slide-inner>div{position:relative}.gspb_slider-id-gsbp-62b6676 .swiper-pagination{bottom:10px!important;display:none!important;text-align:center!important}.gspb_slider-id-gsbp-62b6676 .swiper-scrollbar{visibility:hidden;height:6px;display:none}.gspb_slider-id-gsbp-62b6676 .swiper-pagination-bullet{width:8px;height:8px;border-radius:100px;transition:width .4s ease-out}.gspb_slider-id-gsbp-62b6676 .swiper-pagination-bullet-active{width:24px}.gspb_slider-id-gsbp-62b6676 .swiper-button-next,.gspb_slider-id-gsbp-62b6676 .swiper-button-prev{background-color:#fff;box-shadow:20px 20px 60px #58667d5e;display:none;border-radius:100px}.gspb_slider-id-gsbp-62b6676 .swiper-slide-inner .wp-block,.gspb_slider-id-gsbp-62b6676 .swiper-slide-inner.wp-block{max-width:100%}.gspb_slider-id-gsbp-62b6676 .slider-image-wrapper{top:0;left:0;right:0;bottom:0;position:absolute!important;z-index:0;height:100%;width:100%;overflow:hidden}.gspb_slider-id-gsbp-62b6676 .slider-image-wrapper img{width:100%;height:100%}.gspb_sliderinner-id-gsbp-5cc54d3{background-size:contain;display:block;box-sizing:border-box;background-repeat:no-repeat}.gspb_container-id-gsbp-22d45e0,.gspb_container-id-gsbp-d8df700{flex-direction:column;box-sizing:border-box}#gspb_container-id-gsbp-22d45e0.gspb_container>p:last-of-type,#gspb_container-id-gsbp-d8df700.gspb_container>p:last-of-type{margin-bottom:0}#gspb_container-id-gsbp-22d45e0.gspb_container{display:flex;flex-direction:column;justify-content:center;align-items:center;color:#fff;padding:25px;isolation:isolate}body.gspb-bodyfront #gspb_container-id-gsbp-22d45e0.gspb_container{position:absolute;z-index:220;top:0;right:0;bottom:0;left:0}#gspb_container-id-gsbp-22d45e0.gspb_container>.gspb_backgroundOverlay{position:absolute;top:0;left:0;width:100%;height:100%;z-index:-1;opacity:.38;background-color:#000}#gspb_container-id-gsbp-d8df700.gspb_container{position:relative;display:flex;flex-direction:column;justify-content:flex-start;align-items:center;row-gap:10px;margin-bottom:0}body.gspb-bodyfront #gspb_container-id-gsbp-d8df700.gspb_container{max-width:700px}.gspb_text-id-gsbp-c755e84{font-size:16px}@media (max-width:575.98px){.gspb_text-id-gsbp-c755e84{letter-spacing:3px}}.gspb_text-id-gsbp-c755e84{margin-bottom:0!important}@media (max-width:575.98px){.gspb_text-id-gsbp-c755e84{margin-top:0!important}}#gspb_heading-id-gsbp-d51bfde{font-size:clamp(2rem,4vw,4.5rem);line-height:clamp(4rem,6vw,5rem);text-align:center!important;font-weight:500!important;color:#fff;margin-top:-1px;margin-bottom:-1px}#gspb_heading-id-gsbp-d51bfde .gsap-g-line{text-align:center!important}.gs-video{position:relative}.gs-video-wrapper{position:relative;height:inherit;max-width:100%}.gs-video-header{text-align:center}.gs-video-header .gs-video-header-title{font-size:24px;line-height:1.3;font-weight:700;margin:0 0 15px}.gs-video-header .gs-video-header-description{font-size:16px;line-height:1.5;margin:0 0 25px}.gs-video video{display:block}.gs-video .gs-video-element,.gs-video .gs-video-wrapper iframe{width:100%;height:100%;object-fit:cover;border:0}.gs-video .gs-video-wrapper iframe{aspect-ratio:16\/9;display:block}.gs-video-overlay{position:absolute;left:0;top:0;width:100%;height:100%;z-index:3;background-color:rgba(0,0,0,.1);background-size:cover;background-position:center;background-repeat:no-repeat;cursor:pointer}.gs-video-overlay .gs-overlay-color{position:absolute;left:0;top:0;width:100%;height:100%;z-index:2}.gs-video-overlay:hover .gs-play-icon{opacity:1}.gs-video-popup .slbContentOuter{width:100%;max-width:1000px}.gs-video-popup .slbContentOuter .slbContent iframe,.gs-video-popup .slbContentOuter .slbContent video{width:100%;height:100%;object-fit:cover}.gs-video-popup .slbContentOuter .slbContent iframe{aspect-ratio:16\/9}.gs-video-popup .slbCloseBtn{font-size:30px;width:40px;height:40px;line-height:40px;right:0;top:-50px}#gs-video-gsbp-1bb62a6 .gs-video-wrapper{height:54vh}.gspb_sliderinner-id-gsbp-301bf23{background-size:contain;display:flex;box-sizing:border-box;background-repeat:no-repeat}","footnotes":""},"class_list":["post-677","page","type-page","status-publish","has-post-thumbnail","hentry"],"blocksy_meta":{"page_structure_type":"type-3","has_hero_section":"disabled","styles_descriptor":{"styles":{"desktop":"","tablet":"","mobile":""},"google_fonts":[],"version":6},"vertical_spacing_source":"custom","content_area_spacing":"bottom"},"_links":{"self":[{"href":"https:\/\/drzuhaldurmaz.com\/en\/wp-json\/wp\/v2\/pages\/677","targetHints":{"allow":["GET"]}}],"collection":[{"href":"https:\/\/drzuhaldurmaz.com\/en\/wp-json\/wp\/v2\/pages"}],"about":[{"href":"https:\/\/drzuhaldurmaz.com\/en\/wp-json\/wp\/v2\/types\/page"}],"author":[{"embeddable":true,"href":"https:\/\/drzuhaldurmaz.com\/en\/wp-json\/wp\/v2\/users\/1"}],"replies":[{"embeddable":true,"href":"https:\/\/drzuhaldurmaz.com\/en\/wp-json\/wp\/v2\/comments?post=677"}],"version-history":[{"count":14,"href":"https:\/\/drzuhaldurmaz.com\/en\/wp-json\/wp\/v2\/pages\/677\/revisions"}],"predecessor-version":[{"id":808,"href":"https:\/\/drzuhaldurmaz.com\/en\/wp-json\/wp\/v2\/pages\/677\/revisions\/808"}],"wp:featuredmedia":[{"embeddable":true,"href":"https:\/\/drzuhaldurmaz.com\/en\/wp-json\/wp\/v2\/media\/612"}],"wp:attachment":[{"href":"https:\/\/drzuhaldurmaz.com\/en\/wp-json\/wp\/v2\/media?parent=677"}],"curies":[{"name":"wp","href":"https:\/\/api.w.org\/{rel}","templated":true}]}}