{"id":1436,"date":"2025-04-16T22:55:31","date_gmt":"2025-04-16T22:55:31","guid":{"rendered":"https:\/\/drzuhaldurmaz.com\/stripping-varicose-veins-surgery\/"},"modified":"2025-09-07T14:03:07","modified_gmt":"2025-09-07T14:03:07","slug":"stripping-varicose-veins-surgery","status":"publish","type":"page","link":"https:\/\/drzuhaldurmaz.com\/az\/stripping-varicose-veins-surgery\/","title":{"rendered":"Striptiz (Varikoz Damarlar\u0131n\u0131n C\u0259rrahiyy\u0259si)"},"content":{"rendered":"\n\n\n<div class=\"wp-block-greenshift-blocks-swiper alignfull gs-swiper gspb_slider-id-gsbp-62b6676\" style=\"position:relative\"><div class=\"gs-swiper-init\" data-slidesperview=\"1\" data-spacebetween=\"10\" data-spacebetweenmd=\"10\" data-spacebetweensm=\"10\" data-spacebetweenxs=\"10\" data-speed=\"700\" data-loop=\"false\" data-vertical=\"false\" data-verticalheight=\"500px\" data-autoheight=\"false\" data-grabcursor=\"false\" data-freemode=\"false\" data-centered=\"false\" data-autoplay=\"false\" data-autodelay=\"4000\" data-effect=\"creative\" data-coverflowshadow=\"false\" data-customparams=\"{&quot;prev&quot;:{&quot;translateX&quot;:&quot;0px&quot;,&quot;translateY&quot;:&quot;0px&quot;,&quot;translateZ&quot;:&quot;0px&quot;,&quot;rotateX&quot;:0,&quot;rotateY&quot;:0,&quot;rotateZ&quot;:0,&quot;opacity&quot;:1,&quot;shadow&quot;:false,&quot;scale&quot;:1,&quot;origin&quot;:&quot;&quot;},&quot;next&quot;:{&quot;translateX&quot;:&quot;100%&quot;,&quot;translateY&quot;:&quot;0px&quot;,&quot;translateZ&quot;:&quot;0px&quot;,&quot;rotateX&quot;:0,&quot;rotateY&quot;:0,&quot;rotateZ&quot;:0,&quot;opacity&quot;:1,&quot;shadow&quot;:false,&quot;scale&quot;:1,&quot;origin&quot;:&quot;&quot;}}\"><div class=\"swiper\"><div class=\"swiper-wrapper\">\n<div class=\"swiper-slide\"><div class=\"wp-block-greenshift-blocks-swipe swiper-slide-inner gspb_sliderinner-id-gsbp-5cc54d3\"><div class=\"slider-content-zone\">\n<div class=\"wp-block-greenshift-blocks-container gspb_container gspb_container-gsbp-22d45e0\" id=\"gspb_container-id-gsbp-22d45e0\"><div class=\"gspb_backgroundOverlay\"><\/div>\n<div class=\"wp-block-greenshift-blocks-container gspb_container gspb_container-gsbp-d8df700\" id=\"gspb_container-id-gsbp-d8df700\">\n<div id=\"gspb_text-id-gsbp-c755e84\" class=\"gspb_text gspb_text-id-gsbp-c755e84 \">VAR\u0130KOZ DAMARLARININ M\u00dcAL\u0130C\u018fS\u0130<\/div>\n\n\n\n<h1 id=\"gspb_heading-id-gsbp-d51bfde\" class=\"gspb_heading gspb_heading-id-gsbp-d51bfde \">Striptiz (Varikoz Damarlar\u0131n\u0131n C\u0259rrahiyy\u0259si)<\/h1>\n\n\n\n<div class=\"wp-block-greenshift-blocks-container gspb_container gspb_container-gsbp-4d56052\" id=\"gspb_container-id-gsbp-4d56052\">\n<div class=\"wp-block-greenshift-blocks-container gspb_container gspb_container-gsbp-c7db708\" id=\"gspb_container-id-gsbp-c7db708\">\n<div class=\"wp-block-greenshift-blocks-image gspb_image gspb_image-id-gsbp-59fd2a0\" id=\"gspb_image-id-gsbp-59fd2a0\"><img decoding=\"async\" src=\"https:\/\/uniqsmile.com.tr\/wp-content\/uploads\/2024\/01\/home-avatar-2.webp\" data-src=\"\" alt=\"\" loading=\"lazy\" width=\"40\" height=\"120\" title=\"\"><\/div>\n\n\n\n<div class=\"wp-block-greenshift-blocks-image gspb_image gspb_image-id-gsbp-d250dd9\" id=\"gspb_image-id-gsbp-d250dd9\"><img decoding=\"async\" src=\"https:\/\/uniqsmile.com.tr\/wp-content\/uploads\/2024\/01\/home-avatar-3.webp\" data-src=\"\" alt=\"\" loading=\"lazy\" width=\"40\" height=\"120\" title=\"\"><\/div>\n<\/div>\n\n\n\n<div id=\"gspb_text-id-gsbp-6a7944c\" class=\"gspb_text gspb_text-id-gsbp-6a7944c \">1000+ XO\u015eB\u018fXT QADINLAR<\/div>\n<\/div>\n<\/div>\n<\/div>\n\n\n\n<div class=\"wp-block-greenshift-blocks-video gs-video video gspb_video-id-gsbp-1bb62a6\" id=\"gs-video-gsbp-1bb62a6\"><div class=\"gs-video-wrapper\" itemscope><div class=\"gs-video-element\" data-src=\"https:\/\/drzuhaldurmaz.com\/wp-content\/uploads\/2025\/05\/0_Massage_Leg-Massage_3840x2160-2-2.mp4\" data-autoplay=\"true\" data-playsinline=\"true\" data-controls=\"false\" data-loop=\"true\" data-mute=\"true\" data-poster=\"\" data-provider=\"video\" data-overlay=\"false\" data-lightbox=\"false\"><\/div><\/div><\/div>\n<\/div><\/div><\/div>\n\n\n\n<div class=\"swiper-slide\"><div class=\"wp-block-greenshift-blocks-swipe swiper-slide-inner gspb_sliderinner-id-gsbp-301bf23\"><div class=\"slider-content-zone\">\n<p class=\"has-text-align-center has-medium-font-size\"><\/p>\n<\/div><\/div><\/div>\n<\/div><\/div><div class=\"swiper-pagination\"><\/div><div class=\"swiper-button-prev\"><\/div><div class=\"swiper-button-next\"><\/div><div class=\"swiper-scrollbar\"><\/div><\/div><\/div>\n\n\n\n<h2 class=\"wp-block-heading\" id=\"soyma-usulu-n\u0259dir\">Soyma \u00fcsulu n\u0259dir?<\/h2>\n\n\n\n<p>Stripping, varikoz damarlar\u0131n\u0131 aradan qald\u0131rmaq \u00fc\u00e7\u00fcn istifad\u0259 olunan \u0259n\u0259n\u0259vi bir c\u0259rrahi texnikad\u0131r. Bu prosedurla, qeyri-kafi funksiyas\u0131 olan bir damar\u0131n c\u0259rrahi \u00e7\u0131xar\u0131lmas\u0131 \u00fc\u00e7\u00fcn qas\u0131q v\u0259 ayaq bil\u0259yi nahiy\u0259sind\u0259 ki\u00e7ik k\u0259sikl\u0259r edilir. \u018fm\u0259liyyat ota\u011f\u0131nda steril \u015f\u0259raitd\u0259 apar\u0131l\u0131r. Effektivliyin\u0259 baxmayaraq, b\u0259rpa m\u00fcdd\u0259ti daha uzundur v\u0259 qanaxma, hematoma (d\u0259rialt\u0131 qanaxma) v\u0259 sinirl\u0259rl\u0259 \u0259laq\u0259li uyu\u015fma v\u0259 ya kar\u0131ncalanma kimi a\u011f\u0131rla\u015fmalar riski var.<\/p>\n\n\n\n<p>Stripping metodu x\u00fcsusil\u0259 b\u00f6y\u00fck v\u0259 d\u0259rin varikoz damarlar\u0131n\u0131n m\u00fcalic\u0259sind\u0259 t\u0259sirli olur. Ki\u00e7ik c\u0259rrahi k\u0259sikl\u0259r vasit\u0259sil\u0259 problemli damar\u0131 \u00e7\u0131xarmaq \u00fc\u00e7\u00fcn &#8220;striptiz\u00e7i&#8221; adlanan x\u00fcsusi bir tel istifad\u0259 olunur.<\/p>\n\n\n\n<h2 class=\"wp-block-heading\" id=\"striptiz-\u0259m\u0259liyyati-nec\u0259-aparilir\">Striptiz \u0259m\u0259liyyat\u0131 nec\u0259 apar\u0131l\u0131r?<\/h2>\n\n\n\n<ul class=\"wp-block-list\">\n<li><strong>Haz\u0131rl\u0131q v\u0259 anesteziya<\/strong>: \u0259m\u0259liyyat \u00f6nc\u0259si damar x\u0259rit\u0259si haz\u0131rlan\u0131r. \u00dcmumi v\u0259 ya onur\u011fa anesteziyas\u0131 apar\u0131l\u0131r.<\/li>\n\n\n\n<li><strong>K\u0259sikl\u0259r v\u0259 damarlar\u0131n \u00e7\u0131xar\u0131lmas\u0131<\/strong>: inguinal b\u00f6lg\u0259d\u0259 v\u0259 ayaq bil\u0259yind\u0259 ki\u00e7ik k\u0259sikl\u0259r edilir. Damara bir striptiz\u00e7i tel daxil edilir v\u0259 onu \u00e7\u0131xarmaq \u00fc\u00e7\u00fcn istifad\u0259 olunur.<\/li>\n\n\n\n<li><strong>Ba\u011flama v\u0259 sar\u011f\u0131<\/strong>: k\u0259sikl\u0259r tikilir v\u0259 ayaq s\u0131x\u0131lma bandaj\u0131 il\u0259 sar\u0131l\u0131r.<\/li>\n<\/ul>\n\n\n\n<p>\u018fm\u0259liyyat \u00fcmumiyy\u0259tl\u0259 30-60 d\u0259qiq\u0259 davam edir v\u0259 x\u0259st\u0259l\u0259rin \u0259ks\u0259riyy\u0259ti eyni g\u00fcnd\u0259 x\u0259st\u0259xanadan \u00e7\u0131x\u0131r.<\/p>\n\n\n\n<h2 class=\"wp-block-heading\" id=\"soyma-metodunun-ustunlukl\u0259ri\">Soyma metodunun \u00fcst\u00fcnl\u00fckl\u0259ri<\/h2>\n\n\n\n<ul class=\"wp-block-list\">\n<li><strong>Daimi h\u0259ll<\/strong>: varikoz damarlar\u0131 tamamil\u0259 \u00e7\u0131xar\u0131ld\u0131\u011f\u0131ndan, t\u0259krarlanma riski azd\u0131r.<\/li>\n\n\n\n<li><strong>Effektiv n\u0259tic\u0259l\u0259r<\/strong>: b\u00f6y\u00fck v\u0259 d\u0259rin varikoz damarlar\u0131n\u0131n m\u00fcalic\u0259sind\u0259 y\u00fcks\u0259k m\u00fcv\u0259ff\u0259qiyy\u0259t nisb\u0259ti.<\/li>\n\n\n\n<li><strong>S\u00fcr\u0259tli b\u0259rpa<\/strong>: \u0259ks\u0259r x\u0259st\u0259l\u0259r bir ne\u00e7\u0259 g\u00fcn \u0259rzind\u0259 g\u00fcnd\u0259lik h\u0259yatlar\u0131na qay\u0131d\u0131rlar.<\/li>\n\n\n\n<li><strong>Estetik g\u00f6r\u00fcn\u00fc\u015f<\/strong>: ki\u00e7ik k\u0259sikl\u0259r say\u0259sind\u0259 minimal yara izi.<\/li>\n<\/ul>\n\n\n\n<h2 class=\"wp-block-heading\" id=\"striptiz-\u0259m\u0259liyyatina-namiz\u0259d-kimdir\">Striptiz \u0259m\u0259liyyat\u0131na namiz\u0259d kimdir?<\/h2>\n\n\n\n<p>Bu \u00fcsul a\u015fa\u011f\u0131dak\u0131 x\u0259st\u0259l\u0259r \u00fc\u00e7\u00fcn uygundur:<\/p>\n\n\n\n<ul class=\"wp-block-list\">\n<li>B\u00f6y\u00fck v\u0259 d\u0259rin varikoz damarlar\u0131<\/li>\n\n\n\n<li>Lazer v\u0259 ya skleroterapiya \u00fc\u00e7\u00fcn uy\u011fun olmayan damarlar<\/li>\n\n\n\n<li>Varikoz damarlar\u0131 il\u0259 \u0259laq\u0259li kosmetik probleml\u0259r<\/li>\n<\/ul>\n\n\n\n<p>Bununla birlikd\u0259, a\u015fa\u011f\u0131dak\u0131 hallarda soyma t\u00f6vsiy\u0259 edilmir:<\/p>\n\n\n\n<ul class=\"wp-block-list\">\n<li>Hamil\u0259lik v\u0259 ya ana s\u00fcd\u00fc<\/li>\n\n\n\n<li>Aktiv d\u0259rin damar trombozu (DVT)<\/li>\n\n\n\n<li>Aktiv infeksiyalar<\/li>\n\n\n\n<li>B\u0259zi \u00fcr\u0259k v\u0259 ya damar x\u0259st\u0259likl\u0259ri<\/li>\n<\/ul>\n\n\n\n<h2 class=\"wp-block-heading\" id=\"\u0259m\u0259liyyatdan-sonraki-b\u0259rpa\">\u018fm\u0259liyyatdan sonrak\u0131 b\u0259rpa<\/h2>\n\n\n\n<ul class=\"wp-block-list\">\n<li><strong>D\u0259rhal g\u0259zinti<\/strong>: \u0259ks\u0259r x\u0259st\u0259l\u0259r \u0259m\u0259liyyatdan bir g\u00fcn sonra g\u0259z\u0259 bil\u0259rl\u0259r.<\/li>\n\n\n\n<li><strong>S\u0131x\u0131lma corablar\u0131<\/strong>: m\u00fc\u0259yy\u0259n bir m\u00fcdd\u0259t \u0259rzind\u0259 s\u0131x\u0131lma corablar\u0131 taxmaq t\u00f6vsiy\u0259 olunur.<\/li>\n\n\n\n<li><strong>Normal f\u0259aliyy\u0259t\u0259 qay\u0131t<\/strong>: x\u0259st\u0259l\u0259r \u00fcmumiyy\u0259tl\u0259 bir ne\u00e7\u0259 g\u00fcn \u0259rzind\u0259 g\u00fcnd\u0259lik f\u0259aliyy\u0259tl\u0259rini davam etdirirl\u0259r.<\/li>\n\n\n\n<li><strong>Estetik n\u0259tic\u0259l\u0259r<\/strong>: ki\u00e7ik k\u0259sikl\u0259r kosmetik g\u00f6r\u00fcn\u00fc\u015f\u00fc qoruyaraq minimal yara izl\u0259ri il\u0259 n\u0259tic\u0259l\u0259nir.<\/li>\n<\/ul>\n\n\n\n<h2 class=\"wp-block-heading\" id=\"indi-gorus-t\u0259yin-edin\">\u0130ndi g\u00f6r\u00fc\u015f t\u0259yin edin<\/h2>\n\n\n\n<p>Varikoz damarlar\u0131 il\u0259 \u0259laq\u0259li probleml\u0259rd\u0259n qurtulmaq v\u0259 sa\u011flam v\u0259 g\u00f6z\u0259l ayaqlar\u0131 \u0259ld\u0259 etm\u0259k \u00fc\u00e7\u00fcn bu g\u00fcn Biziml\u0259 \u0259laq\u0259 saxlay\u0131n. M\u00fct\u0259x\u0259ssis qrupumuz ehtiyaclar\u0131n\u0131za uy\u011fun optimal m\u00fcalic\u0259 plan\u0131 haz\u0131rlama\u011fa haz\u0131rd\u0131r.<\/p>\n\n\n\n<p>\ud83d\udcde Telefon: <a href=\"tel:05324928549\">0532 492 85 49<\/a><br>\ud83d\udce7 E-po\u00e7t: <a href=\"mailto:info@drzuhaldurmaz.com\">info@drzuhaldurmaz.com<\/a><br>\ud83d\udccd \u00dcnvan: Abdi \u0130pek\u00e7i Cad. Reasurans Han 1, Floor 7, Ni\u015fanta\u015f\u0131 \/ Istanbul<\/p>\n","protected":false},"excerpt":{"rendered":"<p>Soyma \u00fcsulu n\u0259dir? Stripping, varikoz damarlar\u0131n\u0131 aradan qald\u0131rmaq \u00fc\u00e7\u00fcn istifad\u0259 olunan \u0259n\u0259n\u0259vi bir c\u0259rrahi texnikad\u0131r. Bu prosedurla, qeyri-kafi funksiyas\u0131 olan bir damar\u0131n c\u0259rrahi \u00e7\u0131xar\u0131lmas\u0131 \u00fc\u00e7\u00fcn qas\u0131q v\u0259 ayaq bil\u0259yi nahiy\u0259sind\u0259 ki\u00e7ik k\u0259sikl\u0259r edilir. \u018fm\u0259liyyat ota\u011f\u0131nda steril \u015f\u0259raitd\u0259 apar\u0131l\u0131r. Effektivliyin\u0259 baxmayaraq, b\u0259rpa m\u00fcdd\u0259ti daha uzundur v\u0259 qanaxma, hematoma (d\u0259rialt\u0131 qanaxma) v\u0259 sinirl\u0259rl\u0259 \u0259laq\u0259li uyu\u015fma v\u0259 ya [&hellip;]<\/p>\n","protected":false},"author":1,"featured_media":1575,"parent":0,"menu_order":0,"comment_status":"closed","ping_status":"closed","template":"","meta":{"_gspb_post_css":".gspb_text-id-gsbp-40d254d,.gspb_text-id-gsbp-40d254d .gsap-g-line{text-align:left!important}.gspb_text-id-gsbp-40d254d{margin-top:60px!important;margin-bottom:20px!important}.gsbp-33861f4{padding:40px}@media (max-width:575.98px){.gsbp-33861f4{padding:20px}}.gsbp-33861f4{background-color:#222d40;border-top-left-radius:18px;border-top-right-radius:18px;border-bottom-right-radius:18px;border-bottom-left-radius:18px;color:#fff;display:flex;flex-direction:column;row-gap:30px;column-gap:30px}.gsbp-33861f4 .wp-block a,.gsbp-33861f4 a{color:#fff}.gsbp-9b0c795{row-gap:20px}#gspb_button-id-gsbp-882de7a,#gspb_button-id-gsbp-8bd0b30{display:flex;justify-content:flex-start}#gspb_button-id-gsbp-8bd0b30 .gspb-buttonbox-text,.gsbp-9b0c795{display:flex;flex-direction:column}#gspb_button-id-gsbp-8bd0b30>.gspb-buttonbox{box-sizing:border-box;background-color:#ffffff00;width:100%;text-align:center!important;color:#fff;border-style:solid;border-width:2px;border-color:#fff;transition:all .5s cubic-bezier(.42,0,.58,1)}#gspb_button-id-gsbp-8bd0b30>.gspb-buttonbox .gsap-g-line{text-align:center!important}#gspb_button-id-gsbp-8bd0b30>.gspb-buttonbox,#gspb_button-id-gsbp-8bd0b30>.gspb-buttonbox>.gspb_backgroundOverlay{border-top-left-radius:10px;border-top-right-radius:10px;border-bottom-right-radius:10px;border-bottom-left-radius:10px}#gspb_button-id-gsbp-8bd0b30>.gspb-buttonbox .gspb-buttonbox-icon svg,#gspb_button-id-gsbp-8bd0b30>.gspb-buttonbox .gspb-buttonbox-icon svg path{transition:all .5s cubic-bezier(.42,0,.58,1)}#gspb_button-id-gsbp-882de7a .gspb-buttonbox-text,.gsbp-f04e91d{display:flex;flex-direction:column}#gspb_button-id-gsbp-882de7a>.gspb-buttonbox{box-sizing:border-box;width:100%;text-align:center!important}#gspb_button-id-gsbp-882de7a>.gspb-buttonbox .gsap-g-line{text-align:center!important}#gspb_button-id-gsbp-882de7a>.gspb-buttonbox,#gspb_button-id-gsbp-882de7a>.gspb-buttonbox>.gspb_backgroundOverlay{border-top-left-radius:15px;border-top-right-radius:15px;border-bottom-right-radius:15px;border-bottom-left-radius:15px}#gspb_button-id-gsbp-882de7a>.gspb-buttonbox,#gspb_button-id-gsbp-882de7a>.gspb-buttonbox .gspb-buttonbox-icon svg,#gspb_button-id-gsbp-882de7a>.gspb-buttonbox .gspb-buttonbox-icon svg path{transition:all .5s cubic-bezier(.42,0,.58,1)}.gsbp-f04e91d{row-gap:10px}.gsbp-ead3a57{display:flex;justify-content:flex-start;align-items:center;row-gap:15px;column-gap:15px}.gsbp-5f37b62{display:flex;flex-direction:row}.gsbp-96d3baf,.gsbp-a555ac9{margin-left:-10px;border-top-left-radius:103px;border-top-right-radius:103px;border-bottom-right-radius:103px;border-bottom-left-radius:103px;border-style:solid;border-width:3px;border-color:#fff;width:42px;height:42px}.gsbp-87fbb04{font-size:14px;line-height:20px;font-weight:700!important}.gspb_bar-id-gsbp-8a22566 .star-rating{font-size:16px;line-height:16px;position:relative;letter-spacing:0;display:inline-block;font-family:initial}.gspb_bar-id-gsbp-8a22566{line-height:16px}.gspb_bar-id-gsbp-8a22566 .star-rating::before{color:#97a9c0;content:\"\u2605\u2605\u2605\u2605\u2605\"}.gspb_bar-id-gsbp-8a22566 .star-rating span{position:absolute;top:0;left:0;right:0;overflow:hidden;white-space:nowrap}.gspb_bar-id-gsbp-8a22566 .star-rating span::before{color:#ff9300;content:\"\u2605\u2605\u2605\u2605\u2605\"}","footnotes":""},"class_list":["post-1436","page","type-page","status-publish","has-post-thumbnail","hentry"],"blocksy_meta":{"page_structure_type":"type-3","has_hero_section":"disabled","styles_descriptor":{"styles":{"desktop":"","tablet":"","mobile":""},"google_fonts":[],"version":6},"vertical_spacing_source":"custom","content_area_spacing":"bottom"},"_links":{"self":[{"href":"https:\/\/drzuhaldurmaz.com\/az\/wp-json\/wp\/v2\/pages\/1436","targetHints":{"allow":["GET"]}}],"collection":[{"href":"https:\/\/drzuhaldurmaz.com\/az\/wp-json\/wp\/v2\/pages"}],"about":[{"href":"https:\/\/drzuhaldurmaz.com\/az\/wp-json\/wp\/v2\/types\/page"}],"author":[{"embeddable":true,"href":"https:\/\/drzuhaldurmaz.com\/az\/wp-json\/wp\/v2\/users\/1"}],"replies":[{"embeddable":true,"href":"https:\/\/drzuhaldurmaz.com\/az\/wp-json\/wp\/v2\/comments?post=1436"}],"version-history":[{"count":2,"href":"https:\/\/drzuhaldurmaz.com\/az\/wp-json\/wp\/v2\/pages\/1436\/revisions"}],"predecessor-version":[{"id":1470,"href":"https:\/\/drzuhaldurmaz.com\/az\/wp-json\/wp\/v2\/pages\/1436\/revisions\/1470"}],"wp:featuredmedia":[{"embeddable":true,"href":"https:\/\/drzuhaldurmaz.com\/az\/wp-json\/wp\/v2\/media\/1575"}],"wp:attachment":[{"href":"https:\/\/drzuhaldurmaz.com\/az\/wp-json\/wp\/v2\/media?parent=1436"}],"curies":[{"name":"wp","href":"https:\/\/api.w.org\/{rel}","templated":true}]}}