{"id":1432,"date":"2025-04-16T22:48:37","date_gmt":"2025-04-16T22:48:37","guid":{"rendered":"https:\/\/drzuhaldurmaz.com\/sclerotherapy\/"},"modified":"2025-09-07T14:19:41","modified_gmt":"2025-09-07T14:19:41","slug":"sclerotherapy","status":"publish","type":"page","link":"https:\/\/drzuhaldurmaz.com\/az\/sclerotherapy\/","title":{"rendered":"Skleroterapiya"},"content":{"rendered":"\n\n\n<div class=\"wp-block-greenshift-blocks-swiper alignfull gs-swiper gspb_slider-id-gsbp-62b6676\" style=\"position:relative\"><div class=\"gs-swiper-init\" data-slidesperview=\"1\" data-spacebetween=\"10\" data-spacebetweenmd=\"10\" data-spacebetweensm=\"10\" data-spacebetweenxs=\"10\" data-speed=\"700\" data-loop=\"false\" data-vertical=\"false\" data-verticalheight=\"500px\" data-autoheight=\"false\" data-grabcursor=\"false\" data-freemode=\"false\" data-centered=\"false\" data-autoplay=\"false\" data-autodelay=\"4000\" data-effect=\"creative\" data-coverflowshadow=\"false\" data-customparams=\"{&quot;prev&quot;:{&quot;translateX&quot;:&quot;0px&quot;,&quot;translateY&quot;:&quot;0px&quot;,&quot;translateZ&quot;:&quot;0px&quot;,&quot;rotateX&quot;:0,&quot;rotateY&quot;:0,&quot;rotateZ&quot;:0,&quot;opacity&quot;:1,&quot;shadow&quot;:false,&quot;scale&quot;:1,&quot;origin&quot;:&quot;&quot;},&quot;next&quot;:{&quot;translateX&quot;:&quot;100%&quot;,&quot;translateY&quot;:&quot;0px&quot;,&quot;translateZ&quot;:&quot;0px&quot;,&quot;rotateX&quot;:0,&quot;rotateY&quot;:0,&quot;rotateZ&quot;:0,&quot;opacity&quot;:1,&quot;shadow&quot;:false,&quot;scale&quot;:1,&quot;origin&quot;:&quot;&quot;}}\"><div class=\"swiper\"><div class=\"swiper-wrapper\">\n<div class=\"swiper-slide\"><div class=\"wp-block-greenshift-blocks-swipe swiper-slide-inner gspb_sliderinner-id-gsbp-5cc54d3\"><div class=\"slider-content-zone\">\n<div class=\"wp-block-greenshift-blocks-container gspb_container gspb_container-gsbp-22d45e0\" id=\"gspb_container-id-gsbp-22d45e0\"><div class=\"gspb_backgroundOverlay\"><\/div>\n<div class=\"wp-block-greenshift-blocks-container gspb_container gspb_container-gsbp-d8df700\" id=\"gspb_container-id-gsbp-d8df700\">\n<div id=\"gspb_text-id-gsbp-c755e84\" class=\"gspb_text gspb_text-id-gsbp-c755e84 \">VAR\u0130KOZ DAMARLARININ M\u00dcAL\u0130C\u018fS\u0130<\/div>\n\n\n\n<h1 id=\"gspb_heading-id-gsbp-d51bfde\" class=\"gspb_heading gspb_heading-id-gsbp-d51bfde \">Skleroterapiya<\/h1>\n\n\n\n<div class=\"wp-block-greenshift-blocks-container gspb_container gspb_container-gsbp-4d56052\" id=\"gspb_container-id-gsbp-4d56052\">\n<div class=\"wp-block-greenshift-blocks-container gspb_container gspb_container-gsbp-c7db708\" id=\"gspb_container-id-gsbp-c7db708\">\n<div class=\"wp-block-greenshift-blocks-image gspb_image gspb_image-id-gsbp-59fd2a0\" id=\"gspb_image-id-gsbp-59fd2a0\"><img decoding=\"async\" src=\"https:\/\/uniqsmile.com.tr\/wp-content\/uploads\/2024\/01\/home-avatar-2.webp\" data-src=\"\" alt=\"\" loading=\"lazy\" width=\"40\" height=\"120\" title=\"\"><\/div>\n\n\n\n<div class=\"wp-block-greenshift-blocks-image gspb_image gspb_image-id-gsbp-d250dd9\" id=\"gspb_image-id-gsbp-d250dd9\"><img decoding=\"async\" src=\"https:\/\/uniqsmile.com.tr\/wp-content\/uploads\/2024\/01\/home-avatar-3.webp\" data-src=\"\" alt=\"\" loading=\"lazy\" width=\"40\" height=\"120\" title=\"\"><\/div>\n<\/div>\n\n\n\n<div id=\"gspb_text-id-gsbp-6a7944c\" class=\"gspb_text gspb_text-id-gsbp-6a7944c \">1000+ XO\u015eB\u018fXT QADINLAR<\/div>\n<\/div>\n<\/div>\n<\/div>\n\n\n\n<div class=\"wp-block-greenshift-blocks-video gs-video video gspb_video-id-gsbp-1bb62a6\" id=\"gs-video-gsbp-1bb62a6\"><div class=\"gs-video-wrapper\" itemscope><div class=\"gs-video-element\" data-src=\"https:\/\/drzuhaldurmaz.com\/wp-content\/uploads\/2025\/05\/0_Massage_Leg-Massage_3840x2160-2-2.mp4\" data-autoplay=\"true\" data-playsinline=\"true\" data-controls=\"false\" data-loop=\"true\" data-mute=\"true\" data-poster=\"\" data-provider=\"video\" data-overlay=\"false\" data-lightbox=\"false\"><\/div><\/div><\/div>\n<\/div><\/div><\/div>\n\n\n\n<div class=\"swiper-slide\"><div class=\"wp-block-greenshift-blocks-swipe swiper-slide-inner gspb_sliderinner-id-gsbp-301bf23\"><div class=\"slider-content-zone\">\n<p class=\"has-text-align-center has-medium-font-size\"><\/p>\n<\/div><\/div><\/div>\n<\/div><\/div><div class=\"swiper-pagination\"><\/div><div class=\"swiper-button-prev\"><\/div><div class=\"swiper-button-next\"><\/div><div class=\"swiper-scrollbar\"><\/div><\/div><\/div>\n\n\n\n<h2 class=\"wp-block-heading\" id=\"skleroterapiya-n\u0259dir\">Skleroterapiya n\u0259dir?<\/h2>\n\n\n\n<p>Skleroterapiya varikoz damarlar\u0131n\u0131 v\u0259 h\u00f6r\u00fcm\u00e7\u0259k damarlar\u0131n\u0131 m\u00fcalic\u0259 etm\u0259k \u00fc\u00e7\u00fcn istifad\u0259 olunan minimal invaziv bir prosedurdur. M\u00fcalic\u0259 zaman\u0131 sklerozant adlanan x\u00fcsusi bir h\u0259ll birba\u015fa t\u0259sirl\u0259nmi\u015f damara vurulur. Bu h\u0259ll damar\u0131n daxili astar\u0131n\u0131 q\u0131c\u0131qland\u0131r\u0131r, par\u00e7alanmas\u0131na v\u0259 n\u0259tic\u0259d\u0259 b\u0259d\u0259n t\u0259r\u0259find\u0259n udulmas\u0131na s\u0259b\u0259b olur. Qan daha sa\u011flam damarlar vasit\u0259sil\u0259 y\u00f6nl\u0259ndirilir, h\u0259m qan d\u00f6vran\u0131n\u0131, h\u0259m d\u0259 g\u00f6r\u00fcn\u00fc\u015f\u00fcn\u00fc yax\u015f\u0131la\u015fd\u0131r\u0131r.<\/p>\n\n\n\n<h2 class=\"wp-block-heading\" id=\"skleroterapiya-novl\u0259ri\">Skleroterapiya n\u00f6vl\u0259ri<\/h2>\n\n\n\n<h3 class=\"wp-block-heading\" id=\"maye-skleroterapiya\">Maye skleroterapiya<\/h3>\n\n\n\n<p>Maye skleroterapiya \u00fcmumiyy\u0259tl\u0259 ki\u00e7ik varikoz damarlar\u0131n\u0131 v\u0259 ya h\u00f6r\u00fcm\u00e7\u0259k damarlar\u0131n\u0131 m\u00fcalic\u0259 etm\u0259k \u00fc\u00e7\u00fcn istifad\u0259 olunur. Bu \u00fcsulla sklerozant birba\u015fa maye \u015f\u0259klind\u0259 damara daxil edilir. Sonra damar ba\u011flan\u0131r v\u0259 b\u0259d\u0259n t\u0259r\u0259find\u0259n t\u0259dric\u0259n \u0259milir.<\/p>\n\n\n\n<h3 class=\"wp-block-heading\" id=\"kopuk-skleroterapiyasi\">K\u00f6p\u00fck skleroterapiyas\u0131<\/h3>\n\n\n\n<p>K\u00f6p\u00fck skleroterapiyas\u0131, k\u00f6p\u00fck yaratmaq \u00fc\u00e7\u00fcn sklerozant\u0131 hava il\u0259 qar\u0131\u015fd\u0131rmaqdan ibar\u0259tdir. Bu k\u00f6p\u00fck damarlar aras\u0131nda daha s\u0259m\u0259r\u0259li \u015f\u0259kild\u0259 yay\u0131l\u0131r v\u0259 daha b\u00f6y\u00fck bir s\u0259th sah\u0259sini \u0259hat\u0259 edir. X\u00fcsusil\u0259 orta \u00f6l\u00e7\u00fcl\u00fc varikoz damarlar\u0131nda t\u0259sirli olur.<\/p>\n\n\n\n<h2 class=\"wp-block-heading\" id=\"skleroterapiyanin-faydalari\">Skleroterapiyan\u0131n faydalar\u0131<\/h2>\n\n\n\n<ul class=\"wp-block-list\">\n<li><strong>Qeyri-c\u0259rrahi m\u00fcalic\u0259<\/strong>: c\u0259rrahi m\u00fcdaxil\u0259y\u0259 ehtiyac olmadan lokal anesteziya alt\u0131nda apar\u0131l\u0131r.<\/li>\n\n\n\n<li><strong>S\u00fcr\u0259tli b\u0259rpa<\/strong>: \u0259ks\u0259r x\u0259st\u0259l\u0259r eyni g\u00fcnd\u0259 g\u00fcnd\u0259lik f\u0259aliyy\u0259tl\u0259rin\u0259 qay\u0131d\u0131rlar.<\/li>\n\n\n\n<li><strong>Effektiv n\u0259tic\u0259l\u0259r<\/strong>: zamanla m\u00fcalic\u0259 olunan damarlar yox olur v\u0259 estetik g\u00f6r\u00fcn\u00fc\u015f\u00fc yax\u015f\u0131la\u015fd\u0131r\u0131r.<\/li>\n\n\n\n<li><strong>Minimum yan t\u0259sirl\u0259r<\/strong>: ki\u00e7ik \u00e7\u00fcr\u00fckl\u0259r v\u0259 ya \u015fi\u015fkinlikl\u0259r ba\u015f ver\u0259 bil\u0259r ki, bu da tez ke\u00e7m\u0259y\u0259 meyllidir.<\/li>\n\n\n\n<li><strong>Y\u00fcks\u0259k effektivlik<\/strong>: ki\u00e7ik v\u0259 orta \u00f6l\u00e7\u00fcl\u00fc damarlar\u0131 olan x\u0259st\u0259l\u0259rd\u0259 x\u00fcsusil\u0259 t\u0259sirlidir.<\/li>\n<\/ul>\n\n\n\n<h2 class=\"wp-block-heading\" id=\"skleroterapiyaya-namiz\u0259d-kimdir\">Skleroterapiyaya namiz\u0259d kimdir?<\/h2>\n\n\n\n<p>Skleroterapiya ki\u00e7ik v\u0259 orta \u00f6l\u00e7\u00fcl\u00fc varikoz damarlar\u0131n\u0131n m\u00fcalic\u0259si \u00fc\u00e7\u00fcn ideald\u0131r. Bununla birlikd\u0259, a\u015fa\u011f\u0131dak\u0131 hallarda t\u00f6vsiy\u0259 edil\u0259 bilm\u0259z:<\/p>\n\n\n\n<ul class=\"wp-block-list\">\n<li>Hamil\u0259lik v\u0259 ya ana s\u00fcd\u00fc<\/li>\n\n\n\n<li>\u015eidd\u0259tli allergik reaksiyalar tarixi<\/li>\n\n\n\n<li>Qan seyreltici d\u0259rman q\u0259bul etm\u0259k<\/li>\n\n\n\n<li>Diabet, b\u00f6yr\u0259k, qaraciy\u0259r v\u0259 ya a\u011fciy\u0259r x\u0259st\u0259likl\u0259ri kimi xroniki x\u0259st\u0259likl\u0259r<\/li>\n<\/ul>\n\n\n\n<h2 class=\"wp-block-heading\" id=\"sonraki-mualic\u0259-t\u0259limatlari\">Sonrak\u0131 m\u00fcalic\u0259 T\u0259limatlar\u0131<\/h2>\n\n\n\n<ul class=\"wp-block-list\">\n<li><strong>S\u0131x\u0131lma corablar\u0131<\/strong>: t\u00f6vsiy\u0259 olunan s\u0131x\u0131lma corablar\u0131 Taxmaq, m\u00fcalic\u0259 olunan b\u00f6lg\u0259y\u0259 t\u0259zyiq g\u00f6st\u0259r\u0259r\u0259k m\u00fcalic\u0259nin effektivliyini art\u0131rma\u011fa k\u00f6m\u0259k edir.<\/li>\n\n\n\n<li><strong>Orta fiziki f\u0259aliyy\u0259t:<\/strong> g\u0259zinti kimi y\u00fcng\u00fcl m\u0259\u015fql\u0259r qan d\u00f6vran\u0131n\u0131 yax\u015f\u0131la\u015fd\u0131r\u0131r v\u0259 sa\u011falman\u0131 t\u0259\u015fviq edir.<\/li>\n\n\n\n<li><strong>\u0130stilik t\u0259sirl\u0259rind\u0259n \u00e7\u0259kinin<\/strong>: m\u00fcalic\u0259d\u0259n sonra bir ne\u00e7\u0259 g\u00fcn \u0259rzind\u0259 isti hamamlardan, saunalardan v\u0259 isti kompresl\u0259rd\u0259n qa\u00e7\u0131nmaq laz\u0131md\u0131r.<\/li>\n\n\n\n<li><strong>Uzun m\u00fcdd\u0259t dayanmaqdan v\u0259 oturmaqdan \u00e7\u0259kinin<\/strong>: uzun m\u00fcdd\u0259t h\u0259r\u0259k\u0259tsiz qalmaq damarlar\u0131n yenid\u0259n geni\u015fl\u0259nm\u0259sin\u0259 s\u0259b\u0259b ola bil\u0259r.<\/li>\n\n\n\n<li><strong>G\u00fcn\u0259\u015fd\u0259n qorunma<\/strong>: piqmentasiyan\u0131n d\u0259yi\u015fm\u0259sinin qar\u015f\u0131s\u0131n\u0131 almaq \u00fc\u00e7\u00fcn m\u00fcalic\u0259 olunan sah\u0259l\u0259r g\u00fcn\u0259\u015f i\u015f\u0131\u011f\u0131ndan qorunmal\u0131d\u0131r.<\/li>\n\n\n\n<li><\/li>\n<\/ul>\n\n\n\n<h2 class=\"wp-block-heading\" id=\"indi-gorus-t\u0259yin-edin\">\u0130ndi g\u00f6r\u00fc\u015f t\u0259yin edin<\/h2>\n\n\n\n<p>Varikoz damarlar\u0131 il\u0259 \u0259laq\u0259li probleml\u0259rd\u0259n qurtulmaq v\u0259 ayaqlar\u0131n\u0131z\u0131n sa\u011flaml\u0131\u011f\u0131n\u0131 v\u0259 g\u00f6r\u00fcn\u00fc\u015f\u00fcn\u00fc b\u0259rpa etm\u0259k \u00fc\u00e7\u00fcn bu g\u00fcn Biziml\u0259 \u0259laq\u0259 saxlay\u0131n. M\u00fct\u0259x\u0259ssis qrupumuz sizin \u00fc\u00e7\u00fcn \u0259n t\u0259sirli m\u00fcalic\u0259 plan\u0131n\u0131 haz\u0131rlama\u011fa haz\u0131rd\u0131r.<\/p>\n\n\n\n<p>\ud83d\udcde Telefon: <a href=\"tel:05324928549\">0532 492 85 49<\/a><br>\ud83d\udce7 E-po\u00e7t: <a href=\"mailto:info@drzuhaldurmaz.com\">info@drzuhaldurmaz.com<\/a><br>\ud83d\udccd \u00dcnvan: Abdi \u0130pek\u00e7i Cad. Reasurans Han 1, Floor 7, Ni\u015fanta\u015f\u0131 \/ Istanbul<\/p>\n","protected":false},"excerpt":{"rendered":"<p>Skleroterapiya n\u0259dir? Skleroterapiya varikoz damarlar\u0131n\u0131 v\u0259 h\u00f6r\u00fcm\u00e7\u0259k damarlar\u0131n\u0131 m\u00fcalic\u0259 etm\u0259k \u00fc\u00e7\u00fcn istifad\u0259 olunan minimal invaziv bir prosedurdur. M\u00fcalic\u0259 zaman\u0131 sklerozant adlanan x\u00fcsusi bir h\u0259ll birba\u015fa t\u0259sirl\u0259nmi\u015f damara vurulur. Bu h\u0259ll damar\u0131n daxili astar\u0131n\u0131 q\u0131c\u0131qland\u0131r\u0131r, par\u00e7alanmas\u0131na v\u0259 n\u0259tic\u0259d\u0259 b\u0259d\u0259n t\u0259r\u0259find\u0259n udulmas\u0131na s\u0259b\u0259b olur. Qan daha sa\u011flam damarlar vasit\u0259sil\u0259 y\u00f6nl\u0259ndirilir, h\u0259m qan d\u00f6vran\u0131n\u0131, h\u0259m d\u0259 g\u00f6r\u00fcn\u00fc\u015f\u00fcn\u00fc yax\u015f\u0131la\u015fd\u0131r\u0131r. [&hellip;]<\/p>\n","protected":false},"author":1,"featured_media":1575,"parent":0,"menu_order":0,"comment_status":"closed","ping_status":"closed","template":"","meta":{"_gspb_post_css":".gsbp-33861f4{padding:40px}@media (max-width:575.98px){.gsbp-33861f4{padding:20px}}.gsbp-33861f4{background-color:#222d40;border-top-left-radius:18px;border-top-right-radius:18px;border-bottom-right-radius:18px;border-bottom-left-radius:18px;color:#fff;display:flex;flex-direction:column;row-gap:30px;column-gap:30px}.gsbp-33861f4 .wp-block a,.gsbp-33861f4 a{color:#fff}.gsbp-9b0c795{row-gap:20px}#gspb_button-id-gsbp-882de7a,#gspb_button-id-gsbp-8bd0b30{display:flex;justify-content:flex-start}#gspb_button-id-gsbp-8bd0b30 .gspb-buttonbox-text,.gsbp-9b0c795{display:flex;flex-direction:column}#gspb_button-id-gsbp-8bd0b30>.gspb-buttonbox{box-sizing:border-box;background-color:#ffffff00;width:100%;text-align:center!important;color:#fff;border-style:solid;border-width:2px;border-color:#fff;transition:all .5s cubic-bezier(.42,0,.58,1)}#gspb_button-id-gsbp-8bd0b30>.gspb-buttonbox .gsap-g-line{text-align:center!important}#gspb_button-id-gsbp-8bd0b30>.gspb-buttonbox,#gspb_button-id-gsbp-8bd0b30>.gspb-buttonbox>.gspb_backgroundOverlay{border-top-left-radius:10px;border-top-right-radius:10px;border-bottom-right-radius:10px;border-bottom-left-radius:10px}#gspb_button-id-gsbp-8bd0b30>.gspb-buttonbox .gspb-buttonbox-icon svg,#gspb_button-id-gsbp-8bd0b30>.gspb-buttonbox .gspb-buttonbox-icon svg path{transition:all .5s cubic-bezier(.42,0,.58,1)}#gspb_button-id-gsbp-882de7a .gspb-buttonbox-text,.gsbp-f04e91d{display:flex;flex-direction:column}#gspb_button-id-gsbp-882de7a>.gspb-buttonbox{box-sizing:border-box;width:100%;text-align:center!important}#gspb_button-id-gsbp-882de7a>.gspb-buttonbox .gsap-g-line{text-align:center!important}#gspb_button-id-gsbp-882de7a>.gspb-buttonbox,#gspb_button-id-gsbp-882de7a>.gspb-buttonbox>.gspb_backgroundOverlay{border-top-left-radius:15px;border-top-right-radius:15px;border-bottom-right-radius:15px;border-bottom-left-radius:15px}#gspb_button-id-gsbp-882de7a>.gspb-buttonbox,#gspb_button-id-gsbp-882de7a>.gspb-buttonbox .gspb-buttonbox-icon svg,#gspb_button-id-gsbp-882de7a>.gspb-buttonbox .gspb-buttonbox-icon svg path{transition:all .5s cubic-bezier(.42,0,.58,1)}.gsbp-f04e91d{row-gap:10px}.gsbp-ead3a57{display:flex;justify-content:flex-start;align-items:center;row-gap:15px;column-gap:15px}.gsbp-5f37b62{display:flex;flex-direction:row}.gsbp-96d3baf,.gsbp-a555ac9{margin-left:-10px;border-top-left-radius:103px;border-top-right-radius:103px;border-bottom-right-radius:103px;border-bottom-left-radius:103px;border-style:solid;border-width:3px;border-color:#fff;width:42px;height:42px}.gsbp-87fbb04{font-size:14px;line-height:20px;font-weight:700!important}.gspb_bar-id-gsbp-8a22566 .star-rating{font-size:16px;line-height:16px;position:relative;letter-spacing:0;display:inline-block;font-family:initial}.gspb_bar-id-gsbp-8a22566{line-height:16px}.gspb_bar-id-gsbp-8a22566 .star-rating::before{color:#97a9c0;content:\"\u2605\u2605\u2605\u2605\u2605\"}.gspb_bar-id-gsbp-8a22566 .star-rating span{position:absolute;top:0;left:0;right:0;overflow:hidden;white-space:nowrap}.gspb_bar-id-gsbp-8a22566 .star-rating span::before{color:#ff9300;content:\"\u2605\u2605\u2605\u2605\u2605\"}","footnotes":""},"class_list":["post-1432","page","type-page","status-publish","has-post-thumbnail","hentry"],"blocksy_meta":{"page_structure_type":"type-3","has_hero_section":"disabled","styles_descriptor":{"styles":{"desktop":"","tablet":"","mobile":""},"google_fonts":[],"version":6},"vertical_spacing_source":"custom","content_area_spacing":"bottom"},"_links":{"self":[{"href":"https:\/\/drzuhaldurmaz.com\/az\/wp-json\/wp\/v2\/pages\/1432","targetHints":{"allow":["GET"]}}],"collection":[{"href":"https:\/\/drzuhaldurmaz.com\/az\/wp-json\/wp\/v2\/pages"}],"about":[{"href":"https:\/\/drzuhaldurmaz.com\/az\/wp-json\/wp\/v2\/types\/page"}],"author":[{"embeddable":true,"href":"https:\/\/drzuhaldurmaz.com\/az\/wp-json\/wp\/v2\/users\/1"}],"replies":[{"embeddable":true,"href":"https:\/\/drzuhaldurmaz.com\/az\/wp-json\/wp\/v2\/comments?post=1432"}],"version-history":[{"count":2,"href":"https:\/\/drzuhaldurmaz.com\/az\/wp-json\/wp\/v2\/pages\/1432\/revisions"}],"predecessor-version":[{"id":1475,"href":"https:\/\/drzuhaldurmaz.com\/az\/wp-json\/wp\/v2\/pages\/1432\/revisions\/1475"}],"wp:featuredmedia":[{"embeddable":true,"href":"https:\/\/drzuhaldurmaz.com\/az\/wp-json\/wp\/v2\/media\/1575"}],"wp:attachment":[{"href":"https:\/\/drzuhaldurmaz.com\/az\/wp-json\/wp\/v2\/media?parent=1432"}],"curies":[{"name":"wp","href":"https:\/\/api.w.org\/{rel}","templated":true}]}}