{"id":1423,"date":"2025-05-03T20:14:51","date_gmt":"2025-05-03T20:14:51","guid":{"rendered":"https:\/\/drzuhaldurmaz.com\/lipedema\/"},"modified":"2025-09-07T14:42:29","modified_gmt":"2025-09-07T14:42:29","slug":"lipedema","status":"publish","type":"page","link":"https:\/\/drzuhaldurmaz.com\/az\/lipedema\/","title":{"rendered":"Lipedema"},"content":{"rendered":"\n\n\n<div class=\"wp-block-greenshift-blocks-swiper alignfull gs-swiper gspb_slider-id-gsbp-62b6676\" style=\"position:relative\"><div class=\"gs-swiper-init\" data-slidesperview=\"1\" data-spacebetween=\"10\" data-spacebetweenmd=\"10\" data-spacebetweensm=\"10\" data-spacebetweenxs=\"10\" data-speed=\"700\" data-loop=\"false\" data-vertical=\"false\" data-verticalheight=\"500px\" data-autoheight=\"false\" data-grabcursor=\"false\" data-freemode=\"false\" data-centered=\"false\" data-autoplay=\"false\" data-autodelay=\"4000\" data-effect=\"creative\" data-coverflowshadow=\"false\" data-customparams=\"{&quot;prev&quot;:{&quot;translateX&quot;:&quot;0px&quot;,&quot;translateY&quot;:&quot;0px&quot;,&quot;translateZ&quot;:&quot;0px&quot;,&quot;rotateX&quot;:0,&quot;rotateY&quot;:0,&quot;rotateZ&quot;:0,&quot;opacity&quot;:1,&quot;shadow&quot;:false,&quot;scale&quot;:1,&quot;origin&quot;:&quot;&quot;},&quot;next&quot;:{&quot;translateX&quot;:&quot;100%&quot;,&quot;translateY&quot;:&quot;0px&quot;,&quot;translateZ&quot;:&quot;0px&quot;,&quot;rotateX&quot;:0,&quot;rotateY&quot;:0,&quot;rotateZ&quot;:0,&quot;opacity&quot;:1,&quot;shadow&quot;:false,&quot;scale&quot;:1,&quot;origin&quot;:&quot;&quot;}}\"><div class=\"swiper\"><div class=\"swiper-wrapper\">\n<div class=\"swiper-slide\"><div class=\"wp-block-greenshift-blocks-swipe swiper-slide-inner gspb_sliderinner-id-gsbp-5cc54d3\"><div class=\"slider-content-zone\">\n<div class=\"wp-block-greenshift-blocks-container gspb_container gspb_container-gsbp-22d45e0\" id=\"gspb_container-id-gsbp-22d45e0\"><div class=\"gspb_backgroundOverlay\"><\/div>\n<div class=\"wp-block-greenshift-blocks-container gspb_container gspb_container-gsbp-d8df700\" id=\"gspb_container-id-gsbp-d8df700\">\n<div id=\"gspb_text-id-gsbp-c755e84\" class=\"gspb_text gspb_text-id-gsbp-c755e84 \">VAR\u0130KOZ DAMARLARININ M\u00dcAL\u0130C\u018fS\u0130<\/div>\n\n\n\n<h1 id=\"gspb_heading-id-gsbp-d51bfde\" class=\"gspb_heading gspb_heading-id-gsbp-d51bfde \">Lipedema C\u0259rrahiyy\u0259si<\/h1>\n\n\n\n<div class=\"wp-block-greenshift-blocks-container gspb_container gspb_container-gsbp-4d56052\" id=\"gspb_container-id-gsbp-4d56052\">\n<div class=\"wp-block-greenshift-blocks-container gspb_container gspb_container-gsbp-c7db708\" id=\"gspb_container-id-gsbp-c7db708\">\n<div class=\"wp-block-greenshift-blocks-image gspb_image gspb_image-id-gsbp-59fd2a0\" id=\"gspb_image-id-gsbp-59fd2a0\"><img decoding=\"async\" src=\"https:\/\/uniqsmile.com.tr\/wp-content\/uploads\/2024\/01\/home-avatar-2.webp\" data-src=\"\" alt=\"\" loading=\"lazy\" width=\"40\" height=\"120\" title=\"\"><\/div>\n\n\n\n<div class=\"wp-block-greenshift-blocks-image gspb_image gspb_image-id-gsbp-d250dd9\" id=\"gspb_image-id-gsbp-d250dd9\"><img decoding=\"async\" src=\"https:\/\/uniqsmile.com.tr\/wp-content\/uploads\/2024\/01\/home-avatar-3.webp\" data-src=\"\" alt=\"\" loading=\"lazy\" width=\"40\" height=\"120\" title=\"\"><\/div>\n<\/div>\n\n\n\n<div id=\"gspb_text-id-gsbp-6a7944c\" class=\"gspb_text gspb_text-id-gsbp-6a7944c \">1000+ XO\u015eB\u018fXT QADIN<\/div>\n<\/div>\n<\/div>\n<\/div>\n\n\n\n<div class=\"wp-block-greenshift-blocks-video gs-video video gspb_video-id-gsbp-1bb62a6\" id=\"gs-video-gsbp-1bb62a6\"><div class=\"gs-video-wrapper\" itemscope><div class=\"gs-video-element\" data-src=\"https:\/\/drzuhaldurmaz.com\/wp-content\/uploads\/2025\/05\/0_Massage_Leg-Massage_3840x2160-2-2.mp4\" data-autoplay=\"true\" data-playsinline=\"true\" data-controls=\"false\" data-loop=\"true\" data-mute=\"true\" data-poster=\"\" data-provider=\"video\" data-overlay=\"false\" data-lightbox=\"false\"><\/div><\/div><\/div>\n<\/div><\/div><\/div>\n\n\n\n<div class=\"swiper-slide\"><div class=\"wp-block-greenshift-blocks-swipe swiper-slide-inner gspb_sliderinner-id-gsbp-301bf23\"><div class=\"slider-content-zone\">\n<p class=\"has-text-align-center has-medium-font-size\"><\/p>\n<\/div><\/div><\/div>\n<\/div><\/div><div class=\"swiper-pagination\"><\/div><div class=\"swiper-button-prev\"><\/div><div class=\"swiper-button-next\"><\/div><div class=\"swiper-scrollbar\"><\/div><\/div><\/div>\n\n\n\n<p>Lipedema, tez-tez s\u0131rf kosmetik bir problem v\u0259 ya sad\u0259c\u0259 &#8220;art\u0131q \u00e7\u0259ki&#8221;il\u0259 s\u0259hv sal\u0131nan ya\u011f metabolizmas\u0131n\u0131n xroniki v\u0259 m\u00fct\u0259r\u0259qqi bir poz\u011funlu\u011fudur. Bu x\u0259st\u0259lik \u00fcmumiyy\u0259tl\u0259 ayaqlarda v\u0259 b\u0259z\u0259n \u0259ll\u0259rd\u0259 simmetrik ya\u011f y\u0131\u011f\u0131lmas\u0131 il\u0259 xarakteriz\u0259 olunur v\u0259 dem\u0259k olar ki, yaln\u0131z qad\u0131nlarda olur.<\/p>\n\n\n\n<p>Tipik b\u0259d\u0259n ya\u011f\u0131ndan f\u0259rqli olaraq, lipedema kilo itkisin\u0259 davaml\u0131d\u0131r v\u0259 ir\u0259lil\u0259dikc\u0259 a\u011fr\u0131, h\u0259ssasl\u0131q v\u0259 m\u0259hdud h\u0259r\u0259k\u0259tlilik il\u0259 m\u00fc\u015fayi\u0259t olunur. H\u0259m fiziki, h\u0259m d\u0259 emosional rifaha d\u0259rin t\u0259sir g\u00f6st\u0259rir. Xo\u015fb\u0259xtlikd\u0259n, d\u0259qiq diaqnoz v\u0259 ixtisasl\u0131 m\u00fcalic\u0259 il\u0259 simptomlar idar\u0259 oluna bil\u0259r v\u0259 h\u0259yat keyfiyy\u0259ti \u0259h\u0259miyy\u0259tli d\u0259r\u0259c\u0259d\u0259 yax\u015f\u0131la\u015fd\u0131r\u0131l\u0131r.<\/p>\n\n\n\n<h2 class=\"wp-block-heading\" id=\"dodaq-sism\u0259si-izah-edildi\">Dodaq \u015fi\u015fm\u0259si izah edildi<\/h2>\n\n\n\n<p>Lipedema, ya\u011f h\u00fcceyr\u0259l\u0259rinin anormal v\u0259 qeyri-b\u0259rab\u0259r b\u00f6y\u00fcm\u0259sind\u0259n qaynaqlanan bir v\u0259ziyy\u0259tdir. \u00dcmumiyy\u0259tl\u0259 budlar\u0131, budlar\u0131, dizl\u0259ri v\u0259 alt ayaqlar\u0131 t\u0259sir edir; b\u0259zi hallarda qollara da yay\u0131la bil\u0259r. B\u0259d\u0259nin yuxar\u0131 hiss\u0259si \u00fcmumiyy\u0259tl\u0259 t\u0259sirsiz qal\u0131r.<\/p>\n\n\n\n<p>Dodaq \u00f6demi olan \u015f\u0259xsl\u0259rd\u0259:<\/p>\n\n\n\n<ul class=\"wp-block-list\">\n<li>Ya\u011f paylanmas\u0131 b\u0259d\u0259nin qalan hiss\u0259si il\u0259 m\u00fcqayis\u0259d\u0259 nisb\u0259tsizdir<\/li>\n\n\n\n<li>Alt b\u0259d\u0259n yuxar\u0131dan daha b\u00f6y\u00fck g\u00f6r\u00fcn\u00fcr<\/li>\n\n\n\n<li>Qollar v\u0259 ayaqlar simmetrik olaraq qal\u0131nla\u015f\u0131r<\/li>\n\n\n\n<li>Ayaqlar v\u0259 \u0259ll\u0259r t\u0259sirl\u0259nmir \u2014 lenf\u00f6demd\u0259n \u0259sas f\u0259rq<\/li>\n<\/ul>\n\n\n\n<h2 class=\"wp-block-heading\" id=\"dodaq-sism\u0259sinin-simptomlari\">Dodaq \u015fi\u015fm\u0259sinin simptomlar\u0131<\/h2>\n\n\n\n<p>Semptomlar m\u0259rh\u0259l\u0259y\u0259 g\u00f6r\u0259 d\u0259yi\u015fir, lakin \u0259n \u00e7ox g\u00f6r\u00fcl\u0259n \u0259lam\u0259tl\u0259r bunlard\u0131r:<\/p>\n\n\n\n<ul class=\"wp-block-list\">\n<li>Simmetrik ayaq qal\u0131nla\u015fmas\u0131<\/li>\n\n\n\n<li>Y\u00fcng\u00fcl toxunu\u015fla bel\u0259 a\u011fr\u0131 v\u0259 h\u0259ssasl\u0131q<\/li>\n\n\n\n<li>Minimum m\u0259ruz qalma il\u0259 bel\u0259 tez-tez qan\u00e7\u0131rlar<\/li>\n\n\n\n<li>&#8220;Porta\u011fal qab\u0131\u011f\u0131na&#8221; b\u0259nz\u0259y\u0259n d\u0259ri toxumas\u0131 (sel\u00fclit\u0259 b\u0259nz\u0259r g\u00f6r\u00fcn\u00fc\u015f)<\/li>\n\n\n\n<li>Yor\u011funluq, a\u011f\u0131rl\u0131q v\u0259 uzun m\u00fcdd\u0259t ayaq \u00fcst\u0259 durmaqda \u00e7\u0259tinlik<\/li>\n\n\n\n<li>T\u0259sir\u0259 m\u0259ruz qalan \u0259razil\u0259rd\u0259 p\u0259hriz v\u0259 idmana baxmayaraq kilo itkisin\u0259 qar\u015f\u0131 m\u00fcqavim\u0259t var<\/li>\n\n\n\n<li>Bud \u0259traf\u0131nda hiss olunan d\u00fcy\u00fcnl\u00fc b\u0259d\u0259n ya\u011flar\u0131<\/li>\n<\/ul>\n\n\n\n<p><strong>Vacib<\/strong>: Lipedema piyl\u0259nm\u0259 deyil. Bununla birlikd\u0259, piyl\u0259nm\u0259 il\u0259 birlikd\u0259 m\u00f6vcud ola bil\u0259r v\u0259 x\u0259st\u0259liyin gedi\u015fat\u0131n\u0131 daha da \u00e7\u0259tinl\u0259\u015fdirir.<\/p>\n\n\n\n<h2 class=\"wp-block-heading\" id=\"dodaq-odemi-m\u0259rh\u0259l\u0259l\u0259ri\">Dodaq \u00f6demi m\u0259rh\u0259l\u0259l\u0259ri<\/h2>\n\n\n\n<p>Lipedema, \u00fcmumiyy\u0259tl\u0259 3 \u0259sas m\u0259rh\u0259l\u0259y\u0259 b\u00f6l\u00fcn\u0259n m\u00fct\u0259r\u0259qqi bir x\u0259st\u0259likdir:<\/p>\n\n\n\n<ul class=\"wp-block-list\">\n<li><strong>M\u0259rh\u0259l\u0259 1<\/strong>: d\u0259ri hamar g\u00f6r\u00fcn\u00fcr, ancaq alt\u0131nda b\u0259d\u0259n ya\u011flar\u0131 hiss olunur. \u00c7\u00fcr\u00fckl\u0259r v\u0259 h\u0259ssasl\u0131q n\u0259z\u0259r\u0259 \u00e7arp\u0131r.<\/li>\n\n\n\n<li><strong>M\u0259rh\u0259l\u0259 2:<\/strong> d\u0259rid\u0259 n\u0259z\u0259r\u0259 \u00e7arpan \u00e7uxurlar, porta\u011fal qab\u0131\u011f\u0131 hissi v\u0259 toxunduqda daha ayd\u0131n a\u011fr\u0131 g\u00f6r\u00fcn\u00fcr.<\/li>\n\n\n\n<li><strong>M\u0259rh\u0259l\u0259 3<\/strong>: B\u0259d\u0259n Ya\u011flar\u0131 s\u0259rtl\u0259\u015fir v\u0259 qeyri-b\u0259rab\u0259r olur. Bacaklar \u00e7ox qal\u0131nla\u015fa bil\u0259r v\u0259 n\u0259tic\u0259d\u0259 forma d\u0259yi\u015fir. Dizl\u0259r n\u0259z\u0259r\u0259 \u00e7arp\u0131r v\u0259 sallana bil\u0259r.<\/li>\n\n\n\n<li><strong>M\u0259rh\u0259l\u0259 4 (Lipo-Lenf\u00f6dem)<\/strong>: ikincil Lenf\u00f6dem il\u0259 m\u00fct\u0259r\u0259qqi lipedemik \u00f6dem. \u015ei\u015fkinlik ayaq bil\u0259kl\u0259rinin \u0259traf\u0131nda g\u00f6r\u00fcn\u00fcr. Bu m\u0259rh\u0259l\u0259 m\u00fcr\u0259kk\u0259bdir v\u0259 m\u00fcalic\u0259si \u00e7\u0259tindir.<\/li>\n<\/ul>\n\n\n\n<p>X\u0259st\u0259liyin inki\u015faf\u0131n\u0131n qar\u015f\u0131s\u0131n\u0131 almaq \u00fc\u00e7\u00fcn erk\u0259n diaqnoz v\u0259 m\u00fcalic\u0259 \u00e7ox vacibdir.<\/p>\n\n\n\n<h2 class=\"wp-block-heading\" id=\"dodaq-sism\u0259sinin-s\u0259b\u0259bl\u0259ri\">Dodaq \u015fi\u015fm\u0259sinin s\u0259b\u0259bl\u0259ri<\/h2>\n\n\n\n<p>Lipedeman\u0131n d\u0259qiq s\u0259b\u0259bi bilinmir, ancaq genetik v\u0259 hormonal faktorlar\u0131n \u0259h\u0259miyy\u0259tli bir rol oynad\u0131\u011f\u0131 d\u00fc\u015f\u00fcn\u00fcl\u00fcr. Bu, tez-tez hormonal d\u0259yi\u015fiklikl\u0259r d\u00f6vr\u00fcnd\u0259 ba\u015flay\u0131r, m\u0259s\u0259l\u0259n:<\/p>\n\n\n\n<ul class=\"wp-block-list\">\n<li>Cinsi yetkinlik<\/li>\n\n\n\n<li>Hamil\u0259lik<\/li>\n\n\n\n<li>Do\u011fu\u015fa n\u0259zar\u0259t h\u0259bl\u0259rind\u0259n istifad\u0259<\/li>\n\n\n\n<li>Menopoz<\/li>\n<\/ul>\n\n\n\n<p>Ail\u0259 tarixi yayg\u0131nd\u0131r v\u0259 x\u0259st\u0259l\u0259rin 60-70% &#8211; i qohumlar\u0131nda ox\u015far simptomlar oldu\u011funu bildirir.<\/p>\n\n\n\n<h2 class=\"wp-block-heading\" id=\"dodaq-odemi-nec\u0259-diaqnoz-qoyulur\">Dodaq \u00f6demi nec\u0259 diaqnoz qoyulur?<\/h2>\n\n\n\n<p>Lipedema ilk n\u00f6vb\u0259d\u0259 t\u0259cr\u00fcb\u0259li h\u0259kim t\u0259r\u0259find\u0259n klinik m\u00fcayin\u0259 zaman\u0131 diaqnoz qoyulur. A\u015fa\u011f\u0131dak\u0131 \u00fcsullar diaqnozda k\u00f6m\u0259k ed\u0259 bil\u0259r:<\/p>\n\n\n\n<ul class=\"wp-block-list\">\n<li><strong>Ultras\u0259s<\/strong>: d\u0259rialt\u0131 ya\u011f\u0131n qal\u0131nl\u0131\u011f\u0131n\u0131 v\u0259 qurulu\u015funu qiym\u0259tl\u0259ndirm\u0259k<\/li>\n\n\n\n<li><strong>Doppler ultras\u0259s<\/strong>: venoz \u00e7at\u0131\u015fmazl\u0131\u011f\u0131 v\u0259 ya lenf\u00f6demi istisna etm\u0259k<\/li>\n\n\n\n<li><strong>MRI \/ DEXA taramas\u0131<\/strong>: ya\u011f h\u0259cmini v\u0259 toxuma t\u0259rkibini \u00f6l\u00e7m\u0259k \u00fc\u00e7\u00fcn<\/li>\n<\/ul>\n\n\n\n<p>\u018fsas f\u0259rql\u0259ndirici amil: lipedema bacaklarda v\u0259 ya qollarda \u015fi\u015fm\u0259y\u0259 s\u0259b\u0259b olmur \u2014 bu onu lenf\u00f6demd\u0259n ay\u0131rma\u011fa k\u00f6m\u0259k edir.<\/p>\n\n\n\n<h2 class=\"wp-block-heading\" id=\"lipedem-ucun-mualic\u0259-variantlari\">Lipedem \u00fc\u00e7\u00fcn m\u00fcalic\u0259 variantlar\u0131<\/h2>\n\n\n\n<p>Hal-haz\u0131rda lipedema \u00fc\u00e7\u00fcn d\u0259rman m\u00fcalic\u0259si yoxdur, lakin onun inki\u015faf\u0131 l\u0259ngid\u0259 bil\u0259r v\u0259 simptomlar idar\u0259 oluna bil\u0259r. \u00dcmumiyy\u0259tl\u0259 kompleks, multimodal bir yana\u015fma istifad\u0259 olunur:<\/p>\n\n\n\n<h3 class=\"wp-block-heading\" id=\"1-sixilma-terapiyasi\">1. S\u0131x\u0131lma terapiyas\u0131<\/h3>\n\n\n\n<ul class=\"wp-block-list\">\n<li>S\u0131x\u0131lma corablar\u0131n\u0131n istifad\u0259si (x\u00fcsusil\u0259 2-3 sinif lenfatik drenaj m\u0259hsullar\u0131)<\/li>\n\n\n\n<li>Qan d\u00f6vran\u0131n\u0131 yax\u015f\u0131la\u015fd\u0131r\u0131r v\u0259 \u015fi\u015fkinliyi azald\u0131r<\/li>\n\n\n\n<li>G\u00fcnd\u0259lik istifad\u0259 \u00fc\u00e7\u00fcn t\u00f6vsiy\u0259 olunur<\/li>\n<\/ul>\n\n\n\n<h3 class=\"wp-block-heading\" id=\"2-\u0259l-lenfatik-drenaj-mld\">2. \u018fl lenfatik drenaj (MLD)<\/h3>\n\n\n\n<ul class=\"wp-block-list\">\n<li>Limfa ax\u0131n\u0131 stimulla\u015fd\u0131ran z\u0259rif masaj texnikas\u0131<\/li>\n\n\n\n<li>Dodaq \u015fi\u015fm\u0259sind\u0259n t\u0259sirl\u0259n\u0259n h\u0259ssas b\u00f6lg\u0259l\u0259r\u0259 diqq\u0259tl\u0259 t\u0259tbiq olunmal\u0131d\u0131r<\/li>\n<\/ul>\n\n\n\n<h3 class=\"wp-block-heading\" id=\"3-idman-v\u0259-fiziki-f\u0259aliyy\u0259t\">3. \u0130dman v\u0259 fiziki f\u0259aliyy\u0259t<\/h3>\n\n\n\n<ul class=\"wp-block-list\">\n<li>\u00dczg\u00fc\u00e7\u00fcl\u00fck, su aerobikas\u0131 v\u0259 y\u00fcng\u00fcl g\u0259zinti<\/li>\n\n\n\n<li>Qan d\u00f6vran\u0131n\u0131 v\u0259 toxuma oksigenl\u0259\u015fm\u0259sini yax\u015f\u0131la\u015fd\u0131r\u0131r<\/li>\n\n\n\n<li>A\u011fr\u0131ya s\u0259b\u0259b olmayan v\u0259 b\u0259d\u0259n\u0259 t\u0259sir etm\u0259y\u0259n m\u0259\u015fql\u0259r ideald\u0131r<\/li>\n<\/ul>\n\n\n\n<h3 class=\"wp-block-heading\" id=\"4-qidalanma-m\u0259sl\u0259h\u0259tl\u0259ri\">4. Qidalanma m\u0259sl\u0259h\u0259tl\u0259ri<\/h3>\n\n\n\n<ul class=\"wp-block-list\">\n<li>\u0130ltihab \u0259leyhin\u0259 p\u0259hriz\u0259 diqq\u0259t yetirin<\/li>\n\n\n\n<li>\u015e\u0259k\u0259r, duz v\u0259 i\u015fl\u0259nmi\u015f karbohidratlar\u0131 m\u0259hdudla\u015fd\u0131r\u0131n<\/li>\n\n\n\n<li>Lenf\u00f6dem il\u0259 natrium q\u0259bulunu m\u0259hdudla\u015fd\u0131rmaq laz\u0131md\u0131r<\/li>\n<\/ul>\n\n\n\n<h3 class=\"wp-block-heading\" id=\"5-aparat-terapiyasi\">5. Aparat terapiyas\u0131<\/h3>\n\n\n\n<ul class=\"wp-block-list\">\n<li>Pressoterapiya, vakuum terapiyas\u0131, lazer v\u0259 radiotezlik terapiyas\u0131 kimi qeyri-invaziv \u00fcsullar<\/li>\n\n\n\n<li>Fibrozu azaltmaq v\u0259 limfa ax\u0131n\u0131 yax\u015f\u0131la\u015fd\u0131rmaq \u00fc\u00e7\u00fcn istifad\u0259 olunur<\/li>\n<\/ul>\n\n\n\n<h3 class=\"wp-block-heading\" id=\"6-liposaksiya-inkisaf-etmis-hallarda\">6. Liposaksiya (inki\u015faf etmi\u015f hallarda)<\/h3>\n\n\n\n<ul class=\"wp-block-list\">\n<li>Konservativ \u00fcsullar k\u00f6m\u0259k etmirs\u0259, limfatik liposaksiya variant\u0131 n\u0259z\u0259rd\u0259n ke\u00e7iril\u0259 bil\u0259r<\/li>\n\n\n\n<li>Bu, yaln\u0131z t\u0259cr\u00fcb\u0259 m\u0259rk\u0259zl\u0259rind\u0259 h\u0259yata ke\u00e7irilm\u0259li olan c\u0259rrahi \u0259m\u0259liyyatd\u0131r.<\/li>\n<\/ul>\n\n\n\n<h2 class=\"wp-block-heading\" id=\"lipedema-mualic\u0259-olunmazsa-n\u0259-olar\">Lipedema M\u00fcalic\u0259 Olunmazsa N\u0259 Olar?<\/h2>\n\n\n\n<ul class=\"wp-block-list\">\n<li>Artan a\u011fr\u0131 v\u0259 h\u0259r\u0259k\u0259tin m\u0259hdudla\u015fd\u0131r\u0131lmas\u0131<\/li>\n\n\n\n<li>Lenf\u00f6dem inki\u015faf riski art\u0131r<\/li>\n\n\n\n<li>Diz v\u0259 kal\u00e7a a\u011fr\u0131s\u0131 da daxil olmaqla oynaq probleml\u0259ri<\/li>\n\n\n\n<li>Psixoloji n\u0259tic\u0259l\u0259r: depressiya, sosial t\u0259crid<\/li>\n\n\n\n<li>D\u0259rinin geri d\u00f6nm\u0259z deformasiyalar\u0131 v\u0259 Kobudlu\u011fu<\/li>\n<\/ul>\n\n\n\n<p>Lipedema m\u00fct\u0259r\u0259qqi bir x\u0259st\u0259likdir. M\u00fcvafiq m\u00fcalic\u0259 olmadan qal\u0131c\u0131 ziyana v\u0259 h\u0259yat keyfiyy\u0259tinin \u0259h\u0259miyy\u0259tli d\u0259r\u0259c\u0259d\u0259 azalmas\u0131na s\u0259b\u0259b ola bil\u0259r.<\/p>\n\n\n\n<h2 class=\"wp-block-heading\" id=\"frequently-asked-questions\">\u0130ndi g\u00f6r\u00fc\u015f t\u0259yin edin<\/h2>\n\n\n\n<p>Lipedema  v\u0259 ya varikoz damarlar\u0131n\u0131n simptomlar\u0131n\u0131 aradan qald\u0131rmaq v\u0259 ayaqlar\u0131n\u0131z\u0131 daha sa\u011flam v\u0259 inaml\u0131 etm\u0259k \u00fc\u00e7\u00fcn bu g\u00fcn Biziml\u0259 \u0259laq\u0259 saxlay\u0131n. M\u00fct\u0259x\u0259ssis qrupumuz sizin \u00fc\u00e7\u00fcn x\u00fcsusi bir m\u00fcalic\u0259 plan\u0131 haz\u0131rlama\u011fa haz\u0131rd\u0131r.<\/p>\n\n\n\n<p>\ud83d\udcde Telefon: <a href=\"tel:05324928549\">0532 492 85 49<\/a><br>\ud83d\udce7 E-po\u00e7t: <a href=\"mailto:info@drzuhaldurmaz.com\">info@drzuhaldurmaz.com<\/a><br>\ud83d\udccd Address: Abdi \u0130pek\u00e7i Cad. Reasurans Han 1, Floor 7, Ni\u015fanta\u015f\u0131 \/ Istanbul<\/p>\n","protected":false},"excerpt":{"rendered":"<p>Lipedema, tez-tez s\u0131rf kosmetik bir problem v\u0259 ya sad\u0259c\u0259 &#8220;art\u0131q \u00e7\u0259ki&#8221;il\u0259 s\u0259hv sal\u0131nan ya\u011f metabolizmas\u0131n\u0131n xroniki v\u0259 m\u00fct\u0259r\u0259qqi bir poz\u011funlu\u011fudur. Bu x\u0259st\u0259lik \u00fcmumiyy\u0259tl\u0259 ayaqlarda v\u0259 b\u0259z\u0259n \u0259ll\u0259rd\u0259 simmetrik ya\u011f y\u0131\u011f\u0131lmas\u0131 il\u0259 xarakteriz\u0259 olunur v\u0259 dem\u0259k olar ki, yaln\u0131z qad\u0131nlarda olur. Tipik b\u0259d\u0259n ya\u011f\u0131ndan f\u0259rqli olaraq, lipedema kilo itkisin\u0259 davaml\u0131d\u0131r v\u0259 ir\u0259lil\u0259dikc\u0259 a\u011fr\u0131, h\u0259ssasl\u0131q v\u0259 m\u0259hdud [&hellip;]<\/p>\n","protected":false},"author":1,"featured_media":1575,"parent":0,"menu_order":0,"comment_status":"closed","ping_status":"closed","template":"","meta":{"_gspb_post_css":".gsbp-33861f4{padding:40px}@media (max-width:575.98px){.gsbp-33861f4{padding:20px}}.gsbp-33861f4{background-color:#222d40;border-top-left-radius:18px;border-top-right-radius:18px;border-bottom-right-radius:18px;border-bottom-left-radius:18px;color:#fff;display:flex;flex-direction:column;row-gap:30px;column-gap:30px}.gsbp-23f94ad .wp-block a,.gsbp-23f94ad a,.gsbp-33861f4 .wp-block a,.gsbp-33861f4 a{color:#fff}.gsbp-9b0c795{row-gap:20px}#gspb_button-id-gsbp-882de7a,#gspb_button-id-gsbp-8bd0b30,#gspb_button-id-gsbp-90a21a6,#gspb_button-id-gsbp-ebff43f{display:flex;justify-content:flex-start}#gspb_button-id-gsbp-8bd0b30 .gspb-buttonbox-text,.gsbp-9b0c795{display:flex;flex-direction:column}#gspb_button-id-gsbp-8bd0b30>.gspb-buttonbox{box-sizing:border-box;background-color:#ffffff00;width:100%;text-align:center!important;color:#fff;border-style:solid;border-width:2px;border-color:#fff;transition:all .5s cubic-bezier(.42,0,.58,1)}#gspb_button-id-gsbp-8bd0b30>.gspb-buttonbox .gsap-g-line{text-align:center!important}#gspb_button-id-gsbp-8bd0b30>.gspb-buttonbox,#gspb_button-id-gsbp-8bd0b30>.gspb-buttonbox>.gspb_backgroundOverlay{border-top-left-radius:10px;border-top-right-radius:10px;border-bottom-right-radius:10px;border-bottom-left-radius:10px}#gspb_button-id-gsbp-8bd0b30>.gspb-buttonbox .gspb-buttonbox-icon svg,#gspb_button-id-gsbp-8bd0b30>.gspb-buttonbox .gspb-buttonbox-icon svg path{transition:all .5s cubic-bezier(.42,0,.58,1)}#gspb_button-id-gsbp-882de7a .gspb-buttonbox-text,.gsbp-f04e91d{display:flex;flex-direction:column}#gspb_button-id-gsbp-882de7a>.gspb-buttonbox{box-sizing:border-box;width:100%;text-align:center!important}#gspb_button-id-gsbp-882de7a>.gspb-buttonbox .gsap-g-line{text-align:center!important}#gspb_button-id-gsbp-882de7a>.gspb-buttonbox,#gspb_button-id-gsbp-882de7a>.gspb-buttonbox>.gspb_backgroundOverlay{border-top-left-radius:15px;border-top-right-radius:15px;border-bottom-right-radius:15px;border-bottom-left-radius:15px}#gspb_button-id-gsbp-882de7a>.gspb-buttonbox,#gspb_button-id-gsbp-882de7a>.gspb-buttonbox .gspb-buttonbox-icon svg,#gspb_button-id-gsbp-882de7a>.gspb-buttonbox .gspb-buttonbox-icon svg path,#gspb_button-id-gsbp-ebff43f>.gspb-buttonbox .gspb-buttonbox-icon svg,#gspb_button-id-gsbp-ebff43f>.gspb-buttonbox .gspb-buttonbox-icon svg path{transition:all .5s cubic-bezier(.42,0,.58,1)}.gsbp-f04e91d{row-gap:10px}.gsbp-ead3a57{display:flex;justify-content:flex-start;align-items:center;row-gap:15px;column-gap:15px}.gsbp-5f37b62{display:flex;flex-direction:row}.gsbp-96d3baf,.gsbp-a555ac9{margin-left:-10px;border-top-left-radius:103px;border-top-right-radius:103px;border-bottom-right-radius:103px;border-bottom-left-radius:103px;border-style:solid;border-width:3px;border-color:#fff;width:42px;height:42px}.gsbp-87fbb04{font-size:14px;line-height:20px;font-weight:700!important}.gspb_bar-id-gsbp-8a22566 .star-rating,.gspb_bar-id-gsbp-a07bc52 .star-rating{font-size:16px;line-height:16px;position:relative;letter-spacing:0;display:inline-block;font-family:initial}.gspb_bar-id-gsbp-8a22566{line-height:16px}.gspb_bar-id-gsbp-8a22566 .star-rating::before,.gspb_bar-id-gsbp-a07bc52 .star-rating::before{color:#97a9c0;content:\"\u2605\u2605\u2605\u2605\u2605\"}.gspb_bar-id-gsbp-8a22566 .star-rating span,.gspb_bar-id-gsbp-a07bc52 .star-rating span{position:absolute;top:0;left:0;right:0;overflow:hidden;white-space:nowrap}.gspb_bar-id-gsbp-8a22566 .star-rating span::before,.gspb_bar-id-gsbp-a07bc52 .star-rating span::before{color:#ff9300;content:\"\u2605\u2605\u2605\u2605\u2605\"}.gsbp-23f94ad{padding:40px}@media (max-width:575.98px){.gsbp-23f94ad{padding:20px}}.gsbp-23f94ad{background-color:#222d40;border-top-left-radius:18px;border-top-right-radius:18px;border-bottom-right-radius:18px;border-bottom-left-radius:18px;color:#fff;display:flex;flex-direction:column;row-gap:30px;column-gap:30px}.gsbp-21d380e{row-gap:20px}#gspb_button-id-gsbp-ebff43f .gspb-buttonbox-text,.gsbp-21d380e{display:flex;flex-direction:column}#gspb_button-id-gsbp-ebff43f>.gspb-buttonbox{box-sizing:border-box;background-color:#ffffff00;width:100%;text-align:center!important;color:#fff;border-style:solid;border-width:2px;border-color:#fff;transition:all .5s cubic-bezier(.42,0,.58,1)}#gspb_button-id-gsbp-ebff43f>.gspb-buttonbox .gsap-g-line{text-align:center!important}#gspb_button-id-gsbp-ebff43f>.gspb-buttonbox,#gspb_button-id-gsbp-ebff43f>.gspb-buttonbox>.gspb_backgroundOverlay{border-top-left-radius:10px;border-top-right-radius:10px;border-bottom-right-radius:10px;border-bottom-left-radius:10px}#gspb_button-id-gsbp-90a21a6 .gspb-buttonbox-text,.gsbp-968830d{display:flex;flex-direction:column}#gspb_button-id-gsbp-90a21a6>.gspb-buttonbox{box-sizing:border-box;width:100%;text-align:center!important}#gspb_button-id-gsbp-90a21a6>.gspb-buttonbox .gsap-g-line{text-align:center!important}#gspb_button-id-gsbp-90a21a6>.gspb-buttonbox,#gspb_button-id-gsbp-90a21a6>.gspb-buttonbox>.gspb_backgroundOverlay{border-top-left-radius:15px;border-top-right-radius:15px;border-bottom-right-radius:15px;border-bottom-left-radius:15px}#gspb_button-id-gsbp-90a21a6>.gspb-buttonbox,#gspb_button-id-gsbp-90a21a6>.gspb-buttonbox .gspb-buttonbox-icon svg,#gspb_button-id-gsbp-90a21a6>.gspb-buttonbox .gspb-buttonbox-icon svg path{transition:all .5s cubic-bezier(.42,0,.58,1)}.gsbp-968830d{row-gap:10px}.gsbp-aca7f31{display:flex;justify-content:flex-start;align-items:center;row-gap:15px;column-gap:15px}.gsbp-b1b84fd{display:flex;flex-direction:row}.gsbp-e1a31b3,.gsbp-e49075f{margin-left:-10px;border-top-left-radius:103px;border-top-right-radius:103px;border-bottom-right-radius:103px;border-bottom-left-radius:103px;border-style:solid;border-width:3px;border-color:#fff;width:42px;height:42px}.gsbp-ef1d712{font-size:14px;line-height:20px;font-weight:700!important}.gspb_bar-id-gsbp-a07bc52{line-height:16px}","footnotes":""},"class_list":["post-1423","page","type-page","status-publish","has-post-thumbnail","hentry"],"blocksy_meta":{"page_structure_type":"type-3","has_hero_section":"disabled","styles_descriptor":{"styles":{"desktop":"","tablet":"","mobile":""},"google_fonts":[],"version":6},"vertical_spacing_source":"custom","content_area_spacing":"bottom"},"_links":{"self":[{"href":"https:\/\/drzuhaldurmaz.com\/az\/wp-json\/wp\/v2\/pages\/1423","targetHints":{"allow":["GET"]}}],"collection":[{"href":"https:\/\/drzuhaldurmaz.com\/az\/wp-json\/wp\/v2\/pages"}],"about":[{"href":"https:\/\/drzuhaldurmaz.com\/az\/wp-json\/wp\/v2\/types\/page"}],"author":[{"embeddable":true,"href":"https:\/\/drzuhaldurmaz.com\/az\/wp-json\/wp\/v2\/users\/1"}],"replies":[{"embeddable":true,"href":"https:\/\/drzuhaldurmaz.com\/az\/wp-json\/wp\/v2\/comments?post=1423"}],"version-history":[{"count":2,"href":"https:\/\/drzuhaldurmaz.com\/az\/wp-json\/wp\/v2\/pages\/1423\/revisions"}],"predecessor-version":[{"id":1480,"href":"https:\/\/drzuhaldurmaz.com\/az\/wp-json\/wp\/v2\/pages\/1423\/revisions\/1480"}],"wp:featuredmedia":[{"embeddable":true,"href":"https:\/\/drzuhaldurmaz.com\/az\/wp-json\/wp\/v2\/media\/1575"}],"wp:attachment":[{"href":"https:\/\/drzuhaldurmaz.com\/az\/wp-json\/wp\/v2\/media?parent=1423"}],"curies":[{"name":"wp","href":"https:\/\/api.w.org\/{rel}","templated":true}]}}